{"id":5836,"date":"2024-08-24T19:43:46","date_gmt":"2024-08-24T19:43:46","guid":{"rendered":"https:\/\/wule-symphony-orchestra.com\/ueber\/"},"modified":"2024-09-24T20:38:47","modified_gmt":"2024-09-24T20:38:47","slug":"ueber","status":"publish","type":"page","link":"https:\/\/wule-symphony-orchestra.com\/de\/ueber\/","title":{"rendered":"\u00dcber"},"content":{"rendered":"\t\t<div data-elementor-type=\"wp-page\" data-elementor-id=\"5836\" class=\"elementor elementor-5836 elementor-2378\">\n\t\t\t\t\t\t<section class=\"elementor-section elementor-top-section elementor-element elementor-element-c42a286 elementor-section-boxed elementor-section-height-default elementor-section-height-default\" data-id=\"c42a286\" data-element_type=\"section\">\n\t\t\t\t\t\t<div class=\"elementor-container elementor-column-gap-extended\">\n\t\t\t\t\t<div class=\"elementor-column elementor-col-100 elementor-top-column elementor-element elementor-element-2698174 sc_layouts_column_icons_position_left\" data-id=\"2698174\" data-element_type=\"column\">\n\t\t\t<div class=\"elementor-widget-wrap elementor-element-populated\">\n\t\t\t\t\t\t<div class=\"elementor-element elementor-element-9b6a5ef elementor-widget elementor-widget-text-editor\" data-id=\"9b6a5ef\" data-element_type=\"widget\" data-widget_type=\"text-editor.default\">\n\t\t\t\t<div class=\"elementor-widget-container\">\n\t\t\t\t\t\t\t<p>Buddhistische Musik ist eine tiefgr\u00fcndige und spirituelle Form des k\u00fcnstlerischen Ausdrucks, die versucht, die Lehren des Buddhismus durch Klang zu vermitteln.\nSie dient sowohl als meditative Praxis als auch als Medium zur Verbreitung des Dharma (buddhistische Lehren) in der \u00d6ffentlichkeit.\nIm Mittelpunkt dieser Tradition steht die <strong>Chan-Musik<\/strong>, ein einzigartiges Genre, das die Prinzipien des Chan-Buddhismus verk\u00f6rpert und Musik mit tiefer meditativer Praxis verbindet.  <\/p>\n<h3><strong>Chan-Musik: Eine spirituelle und k\u00fcnstlerische Praxis<\/strong><\/h3>\n<p>Chan-Musik ist mehr als nur eine musikalische Darbietung; sie ist ein Ausdruck des meditativen Zustands des Chan-Praktizierenden.\nDie Musik ist eine pers\u00f6nliche Reflexion der Gedanken, Gef\u00fchle und der spirituellen Reise des Praktizierenden.\nIm Gegensatz zu traditionellen Darbietungen, bei denen ein Schauspieler eine Figur darstellt, verlangt die Chan-Musik vom Interpreten, dass er seine eigene Lebensgeschichte zum Ausdruck bringt, wodurch die Lehren des Buddhismus f\u00fcr das Publikum nachvollziehbar und zug\u00e4nglich werden.  <\/p>\n<p>Der Zweck der Chan-Musik ist es, den Buddhismus in einer entspannten und angenehmen Form zu pr\u00e4sentieren, die es dem Publikum erm\u00f6glicht, den Nutzen des Dharma auf eine Weise zu erfahren, die sowohl ansprechend als auch tiefgr\u00fcndig ist.\nDer Inhalt der Darbietungen befasst sich oft mit Themen wie der Sch\u00f6nheit der menschlichen Natur, der Verg\u00e4nglichkeit des Lebens und der Bedeutung von Tugend und Liebe.\nIn der Chan-Musik werden K\u00f6rpersprache, Stimme und Instrumentalmusik eingesetzt, um die Reinheit und Sch\u00f6nheit eines von weltlichen Begierden losgel\u00f6sten Lebens zu vermitteln, was das Markenzeichen der Tiantai Chan-Musikm\u00f6nche ist.  <\/p>\n<p>Die Sinfonie ist ein integraler Bestandteil der Chan-Musik, wie sie vom <strong>Jinghui Guangxuan Orchester<\/strong> aufgef\u00fchrt wird.\nDie Symphonie, die traditionell als der H\u00f6hepunkt musikalischer Leistung gilt, ist ein Symbol f\u00fcr die Reise des Chan-Praktizierenden zur spirituellen Erleuchtung.\nDer Entstehungsprozess einer Symphonie erfordert Einigkeit und Zusammenarbeit und spiegelt die buddhistische Praxis des &#8222;Nicht-Selbst&#8220; wider, bei der das Ego zum Wohle des Ganzen zur\u00fcckgestellt wird.\nDiese orchestrale Zusammenarbeit veranschaulicht das Chan-Ideal der gemeinschaftlichen Harmonie und das Streben nach einem gemeinsamen spirituellen Ziel.   <\/p>\n<p>Chanting ist eine traditionelle Form buddhistischer Musik, die streng an buddhistische Inhalte und Praktiken gebunden ist.\nDie Chan-Musik hingegen bietet mehr Flexibilit\u00e4t.\nSie wird von Chan-Praktizierenden in einer meditativen Weise vorgetragen und kann auch Themen enthalten, die nicht streng buddhistisch sind.\nW\u00e4hrend das Chanten eine typisch buddhistische Kunst ist, ist die Chan-Musik tief mit der Chan-Praxis und der Meditation verwoben, was sie zu einer einzigartigen und spirituell reichen Form der Musik macht.   <\/p>\n<h3><strong>Die buddhistische Musikakademie des Tiantai-Tempels<\/strong><\/h3>\n<p>&nbsp;Die buddhistische Musikakademie des Tiantai-Tempels, die von einer Reihe chinesischer Spitzenk\u00fcnstler unterst\u00fctzt wird, wurde gegr\u00fcndet, um die Integration von buddhistischer Praxis und Musikausbildung zu f\u00f6rdern.\nRenommierte K\u00fcnstler wie <strong>Liang Danan<\/strong> und <strong>Ye Xiaogang<\/strong> waren ma\u00dfgeblich an der Entwicklung der Akademie beteiligt und leiten und unterrichten regelm\u00e4\u00dfig Chan-Musikm\u00f6nche.\nDie Akademie ist eine wichtige Institution f\u00fcr die Ausbildung hochqualifizierter M\u00f6nche, die nicht nur in den buddhistischen Lehren, sondern auch in Kunst und Kultur bewandert sind.  <\/p>\n<p>Unter der Leitung von angesehenen Pers\u00f6nlichkeiten wie Liang Danan und Zhu Yaoxi bietet die Akademie eine umfassende Ausbildung, die sowohl musikalische als auch spirituelle Erziehung umfasst.\nDie Abteilung f\u00fcr Bildungsangelegenheiten konzentriert sich auf die Ausbildung junger Studenten und stellt sicher, dass die n\u00e4chste Generation von M\u00f6nchen gut in Buddhismus, Kunst und Kultur bewandert ist.\nDieser ganzheitliche Bildungsansatz ist f\u00fcr die Wiederbelebung des Buddhismus unerl\u00e4sslich, da er sicherstellt, dass die M\u00f6nche nicht nur spirituell erleuchtet, sondern auch kulturell bereichert werden.  <\/p>\n<p>Die Gr\u00fcndung der Akademie wurde zutiefst von <b>Meister Shi Wule<\/b> inspiriert, der sich 14 Jahre lang in die Abgeschiedenheit und harte Arbeit in den Bergen zur\u00fcckzog, um eine neue Generation von Chan-M\u00f6nchen heranzubilden.\nSeine Vision hat Chan-Praktizierende aus dem ganzen Land zum Tiantai-Tempel gelockt, wo sie nun in einer Umgebung trainieren, die das kl\u00f6sterliche Leben nahtlos mit h\u00f6herer Bildung verbindet.\nDie Gr\u00fcndung der Akademie ist ein wichtiger Schritt, um die alten Traditionen der Chan-Musik zu bewahren und zu f\u00f6rdern und sie gleichzeitig an den heutigen Kontext anzupassen.  <\/p>\n<p>Das Jinghui Guangxuan Orchester und die Buddhistische Musikakademie des Tiantai-Tempels stehen gemeinsam f\u00fcr eine einzigartige Verschmelzung von buddhistischer Praxis und musikalischer Kunstfertigkeit.\nDurch ihre Auftritte und p\u00e4dagogischen Bem\u00fchungen pr\u00e4sentieren sie nicht nur die Sch\u00f6nheit und Tiefe der buddhistischen Lehren, sondern laden das Publikum auch ein, sich auf sinnvolle und meditative Weise mit diesen Lehren auseinanderzusetzen.\nBuddhistische Musik, insbesondere Chan-Musik, dient weiterhin sowohl als spirituelle Praxis als auch als Mittel zur F\u00f6rderung von Frieden und Verst\u00e4ndnis zwischen den Kulturen.  <\/p>\t\t\t\t\t\t<\/div>\n\t\t\t\t<\/div>\n\t\t\t\t\t<\/div>\n\t\t<\/div>\n\t\t\t\t\t<\/div>\n\t\t<\/section>\n\t\t\t\t<\/div>\n\t\t","protected":false},"excerpt":{"rendered":"<p>Buddhistische Musik ist eine tiefgr\u00fcndige und spirituelle Form des k\u00fcnstlerischen Ausdrucks, die versucht, die Lehren des Buddhismus durch Klang zu vermitteln. Sie dient sowohl als meditative Praxis als auch als Medium zur Verbreitung des Dharma&hellip;<\/p>\n","protected":false},"author":1,"featured_media":0,"parent":0,"menu_order":0,"comment_status":"closed","ping_status":"closed","template":"","meta":{"_acf_changed":false,"_monsterinsights_skip_tracking":false,"_monsterinsights_sitenote_active":false,"_monsterinsights_sitenote_note":"","_monsterinsights_sitenote_category":0,"_uf_show_specific_survey":0,"_uf_disable_surveys":false,"_price":"","_stock":"","_tribe_ticket_header":"","_tribe_default_ticket_provider":"","_tribe_ticket_capacity":"0","_ticket_start_date":"","_ticket_end_date":"","_tribe_ticket_show_description":"","_tribe_ticket_show_not_going":false,"_tribe_ticket_use_global_stock":"","_tribe_ticket_global_stock_level":"","_global_stock_mode":"","_global_stock_cap":"","_tribe_rsvp_for_event":"","_tribe_ticket_going_count":"","_tribe_ticket_not_going_count":"","_tribe_tickets_list":"[]","_tribe_ticket_has_attendee_info_fields":false,"footnotes":""},"class_list":["post-5836","page","type-page","status-publish","hentry"],"acf":[],"aioseo_notices":[],"_links":{"self":[{"href":"https:\/\/wule-symphony-orchestra.com\/de\/wp-json\/wp\/v2\/pages\/5836","targetHints":{"allow":["GET"]}}],"collection":[{"href":"https:\/\/wule-symphony-orchestra.com\/de\/wp-json\/wp\/v2\/pages"}],"about":[{"href":"https:\/\/wule-symphony-orchestra.com\/de\/wp-json\/wp\/v2\/types\/page"}],"author":[{"embeddable":true,"href":"https:\/\/wule-symphony-orchestra.com\/de\/wp-json\/wp\/v2\/users\/1"}],"replies":[{"embeddable":true,"href":"https:\/\/wule-symphony-orchestra.com\/de\/wp-json\/wp\/v2\/comments?post=5836"}],"version-history":[{"count":3,"href":"https:\/\/wule-symphony-orchestra.com\/de\/wp-json\/wp\/v2\/pages\/5836\/revisions"}],"predecessor-version":[{"id":6858,"href":"https:\/\/wule-symphony-orchestra.com\/de\/wp-json\/wp\/v2\/pages\/5836\/revisions\/6858"}],"wp:attachment":[{"href":"https:\/\/wule-symphony-orchestra.com\/de\/wp-json\/wp\/v2\/media?parent=5836"}],"curies":[{"name":"wp","href":"https:\/\/api.w.org\/{rel}","templated":true}]}}