{"id":5871,"date":"2024-09-12T19:11:01","date_gmt":"2024-09-12T19:11:01","guid":{"rendered":"https:\/\/wule-symphony-orchestra.com\/presentation\/"},"modified":"2024-09-13T09:22:25","modified_gmt":"2024-09-13T09:22:25","slug":"presentation","status":"publish","type":"page","link":"https:\/\/wule-symphony-orchestra.com\/de\/presentation\/","title":{"rendered":"Pr\u00e9sentation"},"content":{"rendered":"\t\t<div data-elementor-type=\"wp-page\" data-elementor-id=\"5871\" class=\"elementor elementor-5871 elementor-3509\">\n\t\t\t\t\t\t<section class=\"elementor-section elementor-top-section elementor-element elementor-element-c42a286 elementor-section-boxed elementor-section-height-default elementor-section-height-default\" data-id=\"c42a286\" data-element_type=\"section\">\n\t\t\t\t\t\t<div class=\"elementor-container elementor-column-gap-extended\">\n\t\t\t\t\t<div class=\"elementor-column elementor-col-100 elementor-top-column elementor-element elementor-element-2698174 sc_layouts_column_icons_position_left\" data-id=\"2698174\" data-element_type=\"column\">\n\t\t\t<div class=\"elementor-widget-wrap elementor-element-populated\">\n\t\t\t\t\t\t<div class=\"elementor-element elementor-element-9b6a5ef elementor-widget elementor-widget-text-editor\" data-id=\"9b6a5ef\" data-element_type=\"widget\" data-widget_type=\"text-editor.default\">\n\t\t\t\t<div class=\"elementor-widget-container\">\n\t\t\t\t\t\t\t<p>Die bouddhistische Musik ist eine profunde und spirituelle k\u00fcnstlerische Ausdrucksform, die danach strebt, die bouddhistischen Lehren durch den Klang zu vermitteln.<br \/>\nSie ist sowohl eine praktische Anwendung als auch ein Mittel zur Verbreitung des Dharma (bouddhistische Lehren) in der breiten \u00d6ffentlichkeit.<br \/>\nIm Zentrum dieser Tradition steht die Zen-Musik, ein einzigartiges Genre, das die Prinzipien des Zen-Buddhismus aufgreift und die Musik mit einer tiefgreifenden Praxis verbindet.  <\/p>\n<h3>La musique zen : Eine spirituelle und k\u00fcnstlerische Praxis<\/h3>\n<p>Die Zen-Musik ist mehr als eine einfache musikalische Darbietung; sie ist Ausdruck des Zustandes, in dem sich der Zen-Praktizierende befindet.<br \/>\nDie Musik ist ein personeller Spiegel der Gedanken, der Emotionen und des spirituellen Geistes des Praktizierenden.<br \/>\nIm Gegensatz zu den traditionellen Schauspielen, bei denen ein Schauspieler eine Person verk\u00f6rpert, verlangt die Zen-Musik vom Interpreten, dass er seine eigene Geschichte zum Ausdruck bringt, und macht so die Lehren des Buddhismus f\u00fcr das Publikum verst\u00e4ndlich und zug\u00e4nglich.  <\/p>\n<p>Das Ziel der Zen-Musik ist es, den Buddhismus in einer angenehmen Form darzustellen, die es dem Publikum erm\u00f6glicht, die Vorz\u00fcge des Dharma auf eine ebenso engagierte wie tiefgr\u00fcndige Weise zu erleben.<br \/>\nDer Inhalt der Auff\u00fchrungen befasst sich oft mit Themen wie der Sch\u00f6nheit der menschlichen Natur, der Sch\u00f6nheit des Lebens und der Bedeutung von Glaube und Liebe.<br \/>\nIn der Zen-Musik werden die k\u00f6rperliche Sprache, die Stimme und die Instrumentalmusik genutzt, um die Reinheit und die Sch\u00f6nheit eines von den W\u00fcnschen der Welt losgel\u00f6sten Lebens zu vermitteln, was das Herstellungsmerkmal der Zen-Musik Tiantai ist.  <\/p>\n<p>Die Symphonie ist ein fester Bestandteil der Zen-Musik, so wie sie vom Jinghui Guangxuan Orchester interpretiert wird.<br \/>\nDie Symphonie, die traditionell als H\u00f6hepunkt des musikalischen Schaffens angesehen wird, symbolisiert die Reise des Zen-Praktizierenden zur spirituellen Erleuchtung.<br \/>\nDer Entstehungsprozess einer Symphonie erfordert Einheit und Zusammenarbeit und spiegelt die bouddhistische Praxis des &#8220; non-soi &#8220; (anatta) wider, bei der das Ego zum Wohle des Kollektivs in den Hintergrund tritt.<br \/>\nDiese orchestrale Zusammenarbeit veranschaulicht das Zen-Ideal der gemeinschaftlichen Harmonie und der Verwirklichung eines gemeinsamen spirituellen Ziels.   <\/p>\n<p>Le chant est une form traditionnelle de musique bouddhiste qui est strictement li\u00e9e au contenu et aux pratiques bouddhistes.<br \/>\nDie Zen-Musik hingegen bietet mehr Souplesse.<br \/>\nSie wird von Zen-Praktizierenden auf m\u00e4\u00dfige Weise interpretiert und kann auch Themen enthalten, die nicht streng buddhistisch sind.<br \/>\nW\u00e4hrend der Gesang eine typisch bouddhistische Kunst ist, ist die Zen-Musik in hohem Ma\u00dfe mit der Zen-Praxis und der Meditation verbunden, was ihr eine einzigartige und reiche spirituelle Form verleiht.   <\/p>\n<h3>L&#8217;Acad\u00e9mie de musique bouddhiste du temple Tiantai<\/h3>\n<p>Die bouddhistische Musikakademie des Tiantai-Tempels wurde von einer Reihe chinesischer K\u00fcnstler gegr\u00fcndet, um die Integration der bouddhistischen Praxis und der Musikausbildung zu f\u00f6rdern.<br \/>\nRenommierte K\u00fcnstler wie Liang Danan und Ye Xiaogang spielten eine entscheidende Rolle bei der Entwicklung der Akademie, indem sie die kleinen Zen-Musiker regelm\u00e4\u00dfig anleiteten und unterrichteten.<br \/>\nDie Akademie ist eine wichtige Institution f\u00fcr die Ausbildung von hochqualifizierten jungen Menschen, die nicht nur die Schule, sondern auch Kunst und Kultur beherrschen.  <\/p>\n<p>Unter der Leitung von gesch\u00e4tzten Pers\u00f6nlichkeiten wie Liang Danan und Zhu Yaoxi bietet die Akademie eine umfassende Ausbildung an, die sowohl musikalische als auch spirituelle Bildung umfasst.<br \/>\nDie Abteilung f\u00fcr Bildungsangelegenheiten konzentriert sich auf die Ausbildung junger Studenten und m\u00f6chte, dass die n\u00e4chste Generation von Minderj\u00e4hrigen dem Bouddhisme, der Kunst und der Kultur in vollem Umfang gerecht wird.<br \/>\nDieser ganzheitliche Bildungsansatz ist f\u00fcr die Wiederbelebung des Bouddhisme unerl\u00e4sslich, denn er garantiert, dass die Jugendlichen nicht nur spirituell aufgekl\u00e4rt, sondern auch kulturell bereichert werden.  <\/p>\n<p>Die Gr\u00fcndung der Akademie wurde ma\u00dfgeblich von dem Abt Wu Yue inspiriert, der 14 Jahre lang in der Abgeschiedenheit und bei der Arbeit in den Bergen eine neue Generation von M\u00f6nchen des Zen kultivierte.<br \/>\nSeine Vision hat Zen-Praktizierende aus dem ganzen Land in den Tiantai-Tempel gelockt, wo sie sich in einem Umfeld aufhalten, in dem das Klosterleben und die h\u00f6here Bildung harmonisch miteinander verbunden sind.<br \/>\nDie Gr\u00fcndung der Akademie ist eine wichtige Etappe bei der Bewahrung und F\u00f6rderung der alten Traditionen der Zen-Musik, die aber auch an den zeitgen\u00f6ssischen Kontext angepasst werden.  <\/p>\n<p>L&#8217;orchestre Jinghui Guangxuan et l&#8217;acad\u00e9mie de musique bouddhiste du temple Tiantai repr\u00e9sentent ensemble une fusion unique de la pratique bouddhiste et de l&#8217;art musical.<br \/>\nDank ihrer Konzerte und ihrer p\u00e4dagogischen Bem\u00fchungen begn\u00fcgen sie sich nicht damit, die Sch\u00f6nheit und den Tiefgang der bouddhistischen Lehre zu betonen, sondern laden auch die \u00d6ffentlichkeit ein, sich auf bedeutsame und n\u00fctzliche Weise in diese Lehre einzubringen.<br \/>\nDie bouddhistische Musik, insbesondere die Zen-Musik, dient weiterhin sowohl als spirituelle Praxis als auch als Mittel zur F\u00f6rderung von Frieden und Verst\u00e4ndigung zwischen den Kulturen.  <\/p>\n\t\t\t\t\t\t<\/div>\n\t\t\t\t<\/div>\n\t\t\t\t\t<\/div>\n\t\t<\/div>\n\t\t\t\t\t<\/div>\n\t\t<\/section>\n\t\t\t\t<\/div>\n\t\t","protected":false},"excerpt":{"rendered":"<p>Die bouddhistische Musik ist eine profunde und spirituelle k\u00fcnstlerische Ausdrucksform, die danach strebt, die bouddhistischen Lehren durch den Klang zu vermitteln. Sie ist sowohl eine praktische Anwendung als auch ein Mittel zur Verbreitung des Dharma&hellip;<\/p>\n","protected":false},"author":1,"featured_media":0,"parent":0,"menu_order":0,"comment_status":"closed","ping_status":"closed","template":"","meta":{"_acf_changed":false,"_monsterinsights_skip_tracking":false,"_monsterinsights_sitenote_active":false,"_monsterinsights_sitenote_note":"","_monsterinsights_sitenote_category":0,"_uf_show_specific_survey":0,"_uf_disable_surveys":false,"_price":"","_stock":"","_tribe_ticket_header":"","_tribe_default_ticket_provider":"","_tribe_ticket_capacity":"0","_ticket_start_date":"","_ticket_end_date":"","_tribe_ticket_show_description":"","_tribe_ticket_show_not_going":false,"_tribe_ticket_use_global_stock":"","_tribe_ticket_global_stock_level":"","_global_stock_mode":"","_global_stock_cap":"","_tribe_rsvp_for_event":"","_tribe_ticket_going_count":"","_tribe_ticket_not_going_count":"","_tribe_tickets_list":"[]","_tribe_ticket_has_attendee_info_fields":false,"footnotes":""},"class_list":["post-5871","page","type-page","status-publish","hentry"],"acf":[],"aioseo_notices":[],"_links":{"self":[{"href":"https:\/\/wule-symphony-orchestra.com\/de\/wp-json\/wp\/v2\/pages\/5871","targetHints":{"allow":["GET"]}}],"collection":[{"href":"https:\/\/wule-symphony-orchestra.com\/de\/wp-json\/wp\/v2\/pages"}],"about":[{"href":"https:\/\/wule-symphony-orchestra.com\/de\/wp-json\/wp\/v2\/types\/page"}],"author":[{"embeddable":true,"href":"https:\/\/wule-symphony-orchestra.com\/de\/wp-json\/wp\/v2\/users\/1"}],"replies":[{"embeddable":true,"href":"https:\/\/wule-symphony-orchestra.com\/de\/wp-json\/wp\/v2\/comments?post=5871"}],"version-history":[{"count":2,"href":"https:\/\/wule-symphony-orchestra.com\/de\/wp-json\/wp\/v2\/pages\/5871\/revisions"}],"predecessor-version":[{"id":5874,"href":"https:\/\/wule-symphony-orchestra.com\/de\/wp-json\/wp\/v2\/pages\/5871\/revisions\/5874"}],"wp:attachment":[{"href":"https:\/\/wule-symphony-orchestra.com\/de\/wp-json\/wp\/v2\/media?parent=5871"}],"curies":[{"name":"wp","href":"https:\/\/api.w.org\/{rel}","templated":true}]}}