{"id":6509,"date":"2024-09-19T18:58:08","date_gmt":"2024-09-19T18:58:08","guid":{"rendered":"https:\/\/wule-symphony-orchestra.com\/einfuehrung-in-die-zen-musik\/"},"modified":"2024-09-20T06:59:38","modified_gmt":"2024-09-20T06:59:38","slug":"einfuehrung-in-die-zen-musik","status":"publish","type":"page","link":"https:\/\/wule-symphony-orchestra.com\/de\/einfuehrung-in-die-zen-musik\/","title":{"rendered":"Einf\u00fchrung in die Chan-Musik"},"content":{"rendered":"\t\t<div data-elementor-type=\"wp-page\" data-elementor-id=\"6509\" class=\"elementor elementor-6509 elementor-6501\">\n\t\t\t\t\t\t<section class=\"elementor-section elementor-top-section elementor-element elementor-element-b081b39 elementor-section-boxed elementor-section-height-default elementor-section-height-default\" data-id=\"b081b39\" data-element_type=\"section\">\n\t\t\t\t\t\t<div class=\"elementor-container elementor-column-gap-extended\">\n\t\t\t\t\t<div class=\"elementor-column elementor-col-100 elementor-top-column elementor-element elementor-element-d247f9e sc_layouts_column_icons_position_left\" data-id=\"d247f9e\" data-element_type=\"column\">\n\t\t\t<div class=\"elementor-widget-wrap elementor-element-populated\">\n\t\t\t\t\t\t<div class=\"elementor-element elementor-element-40fabac elementor-widget elementor-widget-text-editor\" data-id=\"40fabac\" data-element_type=\"widget\" data-widget_type=\"text-editor.default\">\n\t\t\t\t<div class=\"elementor-widget-container\">\n\t\t\t\t\t\t\t<p>Die Idee der Chan-Musik geht auf den Chan-Meister Shi Wule zur\u00fcck.<br \/>\nEr war der erste in der Geschichte, der die Verwendung von Musik f\u00fcr die spirituelle Praxis und die Verbreitung des Dharma bef\u00fcrwortete.<br \/>\nSie ist ein wichtiges Erbe und eine Weiterentwicklung des alten Chan-Buddhismus in der heutigen Zeit.<br \/>\nDie Tr\u00e4ger der Chan-Musik sind das Jinghui Guangxuan Symphony Orchestra, der Dawn Chorus und die Xianggen Dance Troupe, das erste reine M\u00f6nchs-Sinfonieorchester der Geschichte.   <\/p>\n<p>Im Jahr 1997, als er noch Abt des Taiping-Tempels in Hong&#8217;an war, schlug Chan-Meister Shi Wule die Idee der Chan-Musik vor und begann sie zu praktizieren, wobei er versuchte, die Kultur als Br\u00fccke zwischen Religion und Gesellschaft zu nutzen.<br \/>\nNach verschiedenen Erkundungen hatte das Chan-Orchester seine ersten festen Mitglieder bis 2008, als es gegr\u00fcndet wurde.<br \/>\n2009 wurde dem Orchester von dem 100-j\u00e4hrigen M\u00f6nch Guangxuan der Name Guangxuan gegeben und 2014 wurde die Tiantai Buddhist Music Academy gegr\u00fcndet.<br \/>\n2019 folgte das Chan-Orchester dem Chan-Meister Shi Wule \u00fcber den Ozean in den Inselstaat Madagaskar in Afrika.<br \/>\nSeit seiner Gr\u00fcndung tourte das Chan-Orchester durch die Vereinigten Staaten, Mauritius, Sri Lanka, Indien, Nepal, Madagaskar, Hongkong, China, die Gro\u00dfe Halle des Volkes, das Auditorium des Nationalkomitees der Politischen Konsultativkonferenz des Chinesischen Volkes, Peking, Tianjin, Shenzhen und andere Provinzen und St\u00e4dte in China und wird von der UNESCO eingeladen, in Paris, Frankreich, aufzutreten und im September 2024 eine Europatournee zu unternehmen.    <\/p>\n<p>Alle Mitglieder des Chan Orchesters begannen von Null an, Musik und Kunst zu lernen, und viele von ihnen begannen damit, nachdem sie erwachsen geworden waren.<br \/>\nSie \u00fcberwanden auch die Schwierigkeiten von unzureichendem Personal, unzureichenden Mitteln, fehlenden Lehrern, unzureichenden Instrumenten und so weiter.<br \/>\nWie k\u00f6nnen sie es bis zu den Top-Plattformen der Welt schaffen, wie k\u00f6nnen sie so bemerkenswerte Tourneen veranstalten und wie k\u00f6nnen sie Wunder in der Musikausbildung bewirken?  <\/p>\n<p>Der Hauptgrund f\u00fcr den Erfolg des Chan-Orchesters liegt im Chan, einer gro\u00dfen Weisheit, die in der \u00f6stlichen Kultur einzigartig ist.<br \/>Der Gr\u00fcnder, Chan-Meister Shi Wule, ist ein orthodoxer Buddhist, ein erleuchteter Chan-Meister und ein Erbe des zeitgen\u00f6ssischen Mantels des Buddha.<br \/>\nDer Kern der von ihm gegr\u00fcndeten Chan-Musik ist Chan und Meditation.<br \/>\nDie jungen M\u00f6nche m\u00fcssen strenge Gebote in Bezug auf Handys und Geld einhalten, ehrlich sein, die Menschen lieben und sich um sie k\u00fcmmern, in die Musik eintauchen und Musik auswendig lernen. All diese Anforderungen dienen dem Zweck, die Gedanken auszul\u00f6schen und den Geist zu seiner Einfachheit und Unschuld zur\u00fcckzubringen, um so die Spiritualit\u00e4t zu \u00f6ffnen und Weisheit zu entwickeln.  <\/p>\n<p>Die jungen Musikm\u00f6nche des Chan-Orchesters sind Praktiker der traditionellen \u00f6stlichen Kultur. Mit ihren Tourneen versuchen sie, die traditionelle \u00f6stliche Kultur des Friedens als Wert in der Welt zu f\u00f6rdern und dem Weltfrieden zu dienen.<br \/>\nIhre Darbietungen sind tief in die \u00f6stliche Kultur eingebunden und beinhalten christliche Ges\u00e4nge und islamische Geschichten.<br \/>Chan-Musik ist f\u00fcr den Frieden und f\u00fcr die religi\u00f6se heilige Liebe geboren. <\/p>\n\t\t\t\t\t\t<\/div>\n\t\t\t\t<\/div>\n\t\t\t\t\t<\/div>\n\t\t<\/div>\n\t\t\t\t\t<\/div>\n\t\t<\/section>\n\t\t\t\t<\/div>\n\t\t","protected":false},"excerpt":{"rendered":"<p>Die Idee der Chan-Musik geht auf den Chan-Meister Shi Wule zur\u00fcck. Er war der erste in der Geschichte, der die Verwendung von Musik f\u00fcr die spirituelle Praxis und die Verbreitung des Dharma bef\u00fcrwortete. Sie ist&hellip;<\/p>\n","protected":false},"author":1,"featured_media":0,"parent":0,"menu_order":0,"comment_status":"closed","ping_status":"closed","template":"","meta":{"_acf_changed":false,"_monsterinsights_skip_tracking":false,"_monsterinsights_sitenote_active":false,"_monsterinsights_sitenote_note":"","_monsterinsights_sitenote_category":0,"_uf_show_specific_survey":0,"_uf_disable_surveys":false,"_price":"","_stock":"","_tribe_ticket_header":"","_tribe_default_ticket_provider":"","_tribe_ticket_capacity":"0","_ticket_start_date":"","_ticket_end_date":"","_tribe_ticket_show_description":"","_tribe_ticket_show_not_going":false,"_tribe_ticket_use_global_stock":"","_tribe_ticket_global_stock_level":"","_global_stock_mode":"","_global_stock_cap":"","_tribe_rsvp_for_event":"","_tribe_ticket_going_count":"","_tribe_ticket_not_going_count":"","_tribe_tickets_list":"[]","_tribe_ticket_has_attendee_info_fields":false,"footnotes":""},"class_list":["post-6509","page","type-page","status-publish","hentry"],"acf":[],"aioseo_notices":[],"_links":{"self":[{"href":"https:\/\/wule-symphony-orchestra.com\/de\/wp-json\/wp\/v2\/pages\/6509","targetHints":{"allow":["GET"]}}],"collection":[{"href":"https:\/\/wule-symphony-orchestra.com\/de\/wp-json\/wp\/v2\/pages"}],"about":[{"href":"https:\/\/wule-symphony-orchestra.com\/de\/wp-json\/wp\/v2\/types\/page"}],"author":[{"embeddable":true,"href":"https:\/\/wule-symphony-orchestra.com\/de\/wp-json\/wp\/v2\/users\/1"}],"replies":[{"embeddable":true,"href":"https:\/\/wule-symphony-orchestra.com\/de\/wp-json\/wp\/v2\/comments?post=6509"}],"version-history":[{"count":4,"href":"https:\/\/wule-symphony-orchestra.com\/de\/wp-json\/wp\/v2\/pages\/6509\/revisions"}],"predecessor-version":[{"id":6640,"href":"https:\/\/wule-symphony-orchestra.com\/de\/wp-json\/wp\/v2\/pages\/6509\/revisions\/6640"}],"wp:attachment":[{"href":"https:\/\/wule-symphony-orchestra.com\/de\/wp-json\/wp\/v2\/media?parent=6509"}],"curies":[{"name":"wp","href":"https:\/\/api.w.org\/{rel}","templated":true}]}}