{"id":6586,"date":"2024-09-19T19:40:30","date_gmt":"2024-09-19T19:40:30","guid":{"rendered":"https:\/\/wule-symphony-orchestra.com\/erinnerungsstuecke-des-klosters\/"},"modified":"2024-09-24T21:01:39","modified_gmt":"2024-09-24T21:01:39","slug":"erinnerungsstuecke-des-klosters","status":"publish","type":"page","link":"https:\/\/wule-symphony-orchestra.com\/de\/erinnerungsstuecke-des-klosters\/","title":{"rendered":"Erinnerungsst\u00fccke des Klosters"},"content":{"rendered":"\t\t<div data-elementor-type=\"wp-page\" data-elementor-id=\"6586\" class=\"elementor elementor-6586 elementor-6554\">\n\t\t\t\t\t\t<section class=\"elementor-section elementor-top-section elementor-element elementor-element-3047e66 elementor-section-boxed elementor-section-height-default elementor-section-height-default\" data-id=\"3047e66\" data-element_type=\"section\">\n\t\t\t\t\t\t<div class=\"elementor-container elementor-column-gap-extended\">\n\t\t\t\t\t<div class=\"elementor-column elementor-col-100 elementor-top-column elementor-element elementor-element-cca0b6f sc_layouts_column_icons_position_left\" data-id=\"cca0b6f\" data-element_type=\"column\">\n\t\t\t<div class=\"elementor-widget-wrap elementor-element-populated\">\n\t\t\t\t\t\t<div class=\"elementor-element elementor-element-05c3df9 elementor-widget elementor-widget-text-editor\" data-id=\"05c3df9\" data-element_type=\"widget\" data-widget_type=\"text-editor.default\">\n\t\t\t\t<div class=\"elementor-widget-container\">\n\t\t\t\t\t\t\t<p>Vor mehr als 1400 Jahren wurde Meister Zhi Zhi M\u00f6nch auf dem Tiantai-Berg. Nachdem er die Erleuchtung erlangt hatte, gr\u00fcndete er die Tiantai-Sekte, eine der acht gro\u00dfen Sekten des chinesischen Buddhismus.<br \/>\nSp\u00e4ter kehrte er an den Ort zur\u00fcck, von dem er ausgegangen war, um seine Lehren zu verbreiten, und nannte den Berg Tiantai-Berg. <\/p>\n<ul>\n<li>1997 n. Chr. legte M\u00f6nch Wule, der damalige Abt des Taiping-Tempels in Hong&#8217;an, die Kultivierungsmethode &#8222;Buddha werden durch Tugend&#8220; und die Idee der &#8222;drei Chan &#8211; Chan-Musik, Chan-Tee und Chan-W\u00e4lder&#8220; vor und begann, Chan-Musik zu praktizieren und begr\u00fcndete damit den Chan-Buddhismus.<br \/>\nChan-Musik zu praktizieren und den Prototyp einer Chan-Band zu schaffen. <\/li>\n<li>Im Fr\u00fchjahr 2003 wurde M\u00f6nch Wule, der damalige Abt des Taiping-Tempels in Hong&#8217;an, von der Volksregierung des Bezirks Hong&#8217;an eingeladen, auf den Tiantai-Berg zu kommen, um mit dem Bau des Tiantai-Tempels zu beginnen.<\/li>\n<li>Im Jahr 2006 wurde die Kunstklasse des Wuchang Buddhist College gegr\u00fcndet.<\/li>\n<li>Im September 2007 wurde die Mahamudra-Halle fertiggestellt.<br \/>\nUnter der Umarmung der zehn gro\u00dfen Tugenden, durch den Vizepr\u00e4sidenten der chinesischen buddhistischen Vereinigung, der zeitgen\u00f6ssischen buddhistischen gro\u00dfen M\u00f6nch Jinghui pers\u00f6nlich f\u00fcr die gro\u00dfe Halle, f\u00fcr die Wule Ehrw\u00fcrdiger Meister, um den Dharma zu predigen, um den Sitz zu senden, Wule Ehrw\u00fcrdiger Meister geehrt, um die Gr\u00fcndung Abt des Klosters Tiantai, f\u00fcr die Wiederbelebung des Klosters Tiantai Ahnen sein. <br \/>M\u00f6nch Jinghui gab dem Chan-Meister Wule Changyue zwei Gedichte und Verse, die im Folgenden angef\u00fcgt sind:<br \/>(I) Woo Lok Chang Yue Chan-Meister fragt nicht nach Chan, er ist gl\u00fccklich mit seinem Leben und genie\u00dft es.<br \/>Er setzt die Sechs Stufen der Paramita immer in die Praxis um und fordert die Menschen auf, ihren K\u00f6rper zu kultivieren und ihr Schicksal zu ver\u00e4ndern.<br \/>(II)<br \/>\nAn der Spitze der zehntausend Gipfel ist eine klare Brise anders als die tr\u00fcbe Str\u00f6mung.<br \/>Da ich die Bedeutung der saitenlosen Zither kenne, kann ich das Boot der Barmherzigkeit im weiten Meer der Menschen fahren. <\/li>\n<li>Im M\u00e4rz 2008 wurde das Tiantai Chan Orchester in eine Kunsttruppe umgewandelt, die offiziell eine Klasse er\u00f6ffnete, um buddhistische Kunsttalente zu kultivieren und das Konzept der Chan-Musik zu praktizieren.<\/li>\n<li>Im Juni 2009 putzte sich der Tiantai-Tempel heraus, um den 101-j\u00e4hrigen M\u00f6nch Guangxuan Shangren willkommen zu hei\u00dfen.<\/li>\n<li>Im September 2009 \u00fcbergab Lord Guangxuan auf der Internationalen Medizinbuddha-Dharma-Konferenz im Fujian Puzao Chan-Tempel f\u00fcnf Sch\u00e4tze, darunter Ruyi und Fuding-Staub, an Abt Wuluo und nannte die Tiantai Chan-Musikkunstklasse pers\u00f6nlich &#8222;Guangxuan&#8220;.<\/li>\n<li>Im Jahr 2010 wurde die &#8222;Tiantai Temple Guangxuan Art Troupe&#8220; formell gegr\u00fcndet.<br \/>\nHerr Guangxuan hat pers\u00f6nlich das Logo f\u00fcr die Truppe entworfen. <\/li>\n<li>Im Jahr 2013 \u00fcberwand Abt Wule viele Hindernisse und trat vom Amt des Abtes des Klosters Tiantai und von allen gesellschaftlichen Positionen zur\u00fcck. Er gr\u00fcndete die St\u00e4ndige Vollversammlung des Klosters Tiantai als oberste Autorit\u00e4t, \u00fcbergab alle Befugnisse an die Sangha und war nur f\u00fcr die Praxis und die Verbreitung des Dharma verantwortlich, ohne jegliche Verwaltungsbefugnis, und kehrte so zu Buddhas gro\u00dfer Idee der Gleichheit aller f\u00fchlenden Wesen zur\u00fcck und gab die Sechs Harmonien der Verehrung weiter.<br \/>\nIm selben Jahr wurde das Handy an die Sch\u00fcler \u00fcbergeben, damit sie sich darum k\u00fcmmern und die F\u00fchrung bei der strikten Einhaltung der Handy-Gebote \u00fcbernehmen. Alle externen Kontakte laufen \u00fcber die H\u00e4nde der Sch\u00fcler des \u00f6ffentlichen Handys; gekoppelt mit den seit langem eingef\u00fchrten pers\u00f6nlichen Konten und roten Umschl\u00e4gen, die von den Anwesenden (mehr als zwei Personen) mitverwaltet werden; alles unter der Aufsicht und Verwaltung der Sangha.<br \/>Die buddhistische Musik des Klosters Tiantai <\/li>\n<li>Die Akademie wurde 2014 gegr\u00fcndet.<\/li>\n<li>Im Jahr 2015 wurden das Jinghui Symphony Orchestra, der Dawn Chorus und die Xianggen Dance Troupe gegr\u00fcndet.<br \/>\nUnd begaben sich auf eine weltweite Tournee. <\/li>\n<li>Um auf die nationale Initiative &#8222;Ein G\u00fcrtel, eine Stra\u00dfe&#8220; zu reagieren, die traditionelle chinesische Kultur in \u00dcbersee zu f\u00f6rdern, um dem Weltfrieden zu dienen und um das Streben nach &#8222;Kultivierung und Dienst am Land auf einer Schulter&#8220; zu verwirklichen, kam Abt Wule 2019 im hohen Alter und mit einem alten K\u00f6rper nach Madagaskar, einem Inselstaat in Afrika.<br \/>\nEr kam im hohen Alter auf die afrikanische Insel Madagaskar, um den Saijo-Tempel zu errichten, und viele junge M\u00f6nche meldeten sich freiwillig, um ihm zu folgen. <\/li>\n<li>Im Februar 2023 f\u00fchrte Abt Wule das Orchester nach Mauritius, um Chan-Musik aufzuf\u00fchren, was ein gro\u00dfer Erfolg war; von Juni bis Juli desselben Jahres tourte das Orchester in die Vereinigten Staaten, was weithin bejubelt wurde und das Ansehen des Landes stark f\u00f6rderte; am 27. Oktober desselben Jahres wurden die Er\u00f6ffnung des Xizu-Tempels und die Bef\u00f6rderungszeremonie des Abtes abgehalten, und Abt Wule wurde mit dem Titel Abt des Xizu-Tempels geehrt.<\/li>\n<li>Im Jahr 2024 leitete Abt Wule das Chan-Orchester, um sich aktiv auf den Auftritt im UNESCO-Hauptquartier in der zweiten Jahresh\u00e4lfte und die Europatournee vorzubereiten, um die traditionelle chinesische Kultur zu f\u00f6rdern und dem Weltfrieden zu dienen.<\/li>\n<\/ul>\n<p>Chan Orchestra Touring Experience :<\/p>\n<ul>\n<li>In der ersten H\u00e4lfte des Jahres 2011 wurde das Chan Orchestra eingeladen, im Studio 8 in Zhengzhou aufzutreten.<\/li>\n<li>Am 27. Mai 2011 wurden wir f\u00fcr eine besondere Auff\u00fchrung ins Wuhan 17th Row Theater eingeladen.<\/li>\n<li>2012 Fr\u00fchlingsfest wurde zur Hong&#8217;an County Spring Festival Gala eingeladen, um den Tanz &#8222;Blessing Guanyin&#8220; aufzuf\u00fchren.<\/li>\n<li>Im Mai 2014 wurde er nach Wuxi Lingshan eingeladen, wo er unter dem Lingshan-Buddha auftrat.<br \/>Am 23. und 24. Mai 2015 wurde er eingeladen, drei aufeinanderfolgende Shows im Wuhan Qintai Grand Theater zu geben und damit die globale Tournee zu er\u00f6ffnen.<\/li>\n<li>14. September 2015, eingeladen, im Auditorium des Nationalen Komitees der Politischen Konsultativkonferenz des chinesischen Volkes in der Kategorie Streicher aufzutreten.<\/li>\n<li>11. November 2015, eingeladen, am 7. Beijing Traditional Music Festival teilzunehmen.<\/li>\n<li>Am 28. Dezember 2015 besuchte er erneut das Shenzhen Nanshan Poly Theatre, um an der Feier zum 10. Jahrestag der Gr\u00fcndung des SZFCC teilzunehmen und eine Sondervorstellung von Tiantai Chan Music zu geben.<\/li>\n<li>Am 28. Dezember 2015 besuchte er erneut das Shenzhen Nanshan Poly Theater, um an der Feier zum 10. Jahrestag der Gr\u00fcndung der SZFB und an der Sondervorstellung von Tiantai Chan Music teilzunehmen.<\/li>\n<li>Am 31. Dezember 2015 wurde er eingeladen, im Finale des &#8222;World Peace Prayer Concert &#8211; Chinese Classical Symphony Concert&#8220; aufzutreten, das im Shenzhen Poly Theatre stattfand, um das neue Jahr einzul\u00e4uten.<\/li>\n<li>Am 23. und 24. Januar 2016 wurde er eingeladen, im Sunbeam Theatre in Hongkong f\u00fcr zwei aufeinanderfolgende Auftritte der Hongkong-Etappe seiner Welttournee aufzutreten.<\/li>\n<li>Am 27. Mai 2016 wurde die Gruppe auf dem F\u00fcnften Hongan Tiantai Temple Chan Music Cultural Festival im Hongan Grand Theatre mit dem Guinness-Weltrekord f\u00fcr &#8222;World&#8217;s Largest All-Monk Chan Music Troupe&#8220; ausgezeichnet.<\/li>\n<li>Vom 26. bis 31. Juli 2016 war die Gruppe eingeladen, am 13. Internationalen Chinesischen Chorfestival in der Gro\u00dfen Halle des Volkes teilzunehmen, und gab eine besondere Chan-Musikvorstellung in Peking.<\/li>\n<li>Vom 19. bis 21. August 2016 wurde er zur Teilnahme am dritten Jinan International Choral Festival eingeladen.<\/li>\n<li>Vom 24. August bis 1. September 2016 zwei Sondervorstellungen in Tianjin und je eine in Hohhot und Baotou.<\/li>\n<li>15. Oktober 2016, Einladung zur Teilnahme an der Er\u00f6ffnungszeremonie der 11. World Chan Tea Culture Exchange Conference, als Vertreter der chinesischen Seite, um eine Teekultur-Vorf\u00fchrung anzubieten.<\/li>\n<li>Im Mai 2017 wurde die Urauff\u00fchrung der originalen symphonischen Ouvert\u00fcre &#8222;Su Wu&#8217;s Reflections&#8220; beim sechsten Hong&#8217;an Tiantai Temple Chan Culture and Art Festival aufgef\u00fchrt.<\/li>\n<li>Im August 2017 wurde er zur Teilnahme am Huanglong Music Season International Choral Art Festival 2017 eingeladen und gewann die Double Gold Medal des Choral Art Festivals.<\/li>\n<li>Am 24. Oktober 2017 reiste es nach Sri Lanka, um am Asia-Pacific International Choral Festival teilzunehmen. Es gewann zwei Gold- und eine Silbermedaille und ist damit das Team mit der h\u00f6chsten Anzahl an Medaillen unter allen teilnehmenden chinesischen Teams.<br \/>\nAu\u00dferdem trat es in Sri Lanka in der Kategorie Streicher und in der Kategorie Tanz auf. <\/li>\n<li>Am 28. Oktober 2017 wurde er zur Teilnahme an der &#8222;Gedenkfeier zum 110. Jahrestag der Geburt von Zhao Puchu&#8220; im Yanqi Lake International Conference Center in Peking eingeladen, trat dort auf und wurde ausgezeichnet.<\/li>\n<li>Vom 9. bis 14. Januar 2018 wurde er nach Shenzhen eingeladen, um drei Sondervorstellungen zu geben.<\/li>\n<li>Im Februar 2018 begab er sich auf eine Pilgerreise zu den heiligen St\u00e4tten des Buddhismus in Indien und Nepal, w\u00e4hrend der er eingeladen wurde, in Bodhgaya, dem heiligen Ort der Erleuchtung Buddhas, einen besonderen Auftritt zu geben.<\/li>\n<li>Als Reaktion auf die nationale Initiative &#8222;One Belt, One Road&#8220; und um die traditionelle chinesische Kultur in der Welt zu f\u00f6rdern und dem Weltfrieden zu dienen, zog das Chan-Orchester von April bis September 2019 nach Madagaskar.<br \/>\nDas Chan-Orchester konnte in einer unglaublich schwierigen Umgebung einen starken Kampfgeist entwickeln.<br \/>\nKultivieren Sie den K\u00f6rper mit Musik und bauen Sie den K\u00f6rper mit Loyalit\u00e4t und kindlicher Treue auf.  <\/li>\n<li>Am 1. Mai 2022 gab das Chan-Orchester sein \u00f6ffentliches Deb\u00fct im Madagascar International Convention and Exhibition Center.<\/li>\n<li>Am 3. Februar 2023 wurde das Chan Orchestra eingeladen, in Mauritius aufzutreten.<\/li>\n<li>Vom 10. Juni bis 18. Juli 2023 wurde das Chan Ensemble zu einer Tournee durch Los Angeles und andere St\u00e4dte in den USA eingeladen, bei der es mehrere Auftritte hatte und am Idaho International Choral Festival teilnahm.<\/li>\n<li>Von September bis November 2024 wird das Chan Orchestra von der UNESCO nach Paris eingeladen, um die gro\u00df angelegte Sinfonie &#8222;Home on Earth&#8220; aufzuf\u00fchren, gefolgt von einer Europatournee.<\/li>\n<\/ul>\n\t\t\t\t\t\t<\/div>\n\t\t\t\t<\/div>\n\t\t\t\t\t<\/div>\n\t\t<\/div>\n\t\t\t\t\t<\/div>\n\t\t<\/section>\n\t\t\t\t<\/div>\n\t\t","protected":false},"excerpt":{"rendered":"<p>Vor mehr als 1400 Jahren wurde Meister Zhi Zhi M\u00f6nch auf dem Tiantai-Berg. Nachdem er die Erleuchtung erlangt hatte, gr\u00fcndete er die Tiantai-Sekte, eine der acht gro\u00dfen Sekten des chinesischen Buddhismus. Sp\u00e4ter kehrte er an&hellip;<\/p>\n","protected":false},"author":1,"featured_media":0,"parent":0,"menu_order":0,"comment_status":"closed","ping_status":"closed","template":"","meta":{"_acf_changed":false,"_monsterinsights_skip_tracking":false,"_monsterinsights_sitenote_active":false,"_monsterinsights_sitenote_note":"","_monsterinsights_sitenote_category":0,"_uf_show_specific_survey":0,"_uf_disable_surveys":false,"_price":"","_stock":"","_tribe_ticket_header":"","_tribe_default_ticket_provider":"","_tribe_ticket_capacity":"0","_ticket_start_date":"","_ticket_end_date":"","_tribe_ticket_show_description":"","_tribe_ticket_show_not_going":false,"_tribe_ticket_use_global_stock":"","_tribe_ticket_global_stock_level":"","_global_stock_mode":"","_global_stock_cap":"","_tribe_rsvp_for_event":"","_tribe_ticket_going_count":"","_tribe_ticket_not_going_count":"","_tribe_tickets_list":"[]","_tribe_ticket_has_attendee_info_fields":false,"footnotes":""},"class_list":["post-6586","page","type-page","status-publish","hentry"],"acf":[],"aioseo_notices":[],"_links":{"self":[{"href":"https:\/\/wule-symphony-orchestra.com\/de\/wp-json\/wp\/v2\/pages\/6586","targetHints":{"allow":["GET"]}}],"collection":[{"href":"https:\/\/wule-symphony-orchestra.com\/de\/wp-json\/wp\/v2\/pages"}],"about":[{"href":"https:\/\/wule-symphony-orchestra.com\/de\/wp-json\/wp\/v2\/types\/page"}],"author":[{"embeddable":true,"href":"https:\/\/wule-symphony-orchestra.com\/de\/wp-json\/wp\/v2\/users\/1"}],"replies":[{"embeddable":true,"href":"https:\/\/wule-symphony-orchestra.com\/de\/wp-json\/wp\/v2\/comments?post=6586"}],"version-history":[{"count":5,"href":"https:\/\/wule-symphony-orchestra.com\/de\/wp-json\/wp\/v2\/pages\/6586\/revisions"}],"predecessor-version":[{"id":6903,"href":"https:\/\/wule-symphony-orchestra.com\/de\/wp-json\/wp\/v2\/pages\/6586\/revisions\/6903"}],"wp:attachment":[{"href":"https:\/\/wule-symphony-orchestra.com\/de\/wp-json\/wp\/v2\/media?parent=6586"}],"curies":[{"name":"wp","href":"https:\/\/api.w.org\/{rel}","templated":true}]}}