{"id":5885,"date":"2024-08-24T19:43:46","date_gmt":"2024-08-24T19:43:46","guid":{"rendered":"https:\/\/wule-symphony-orchestra.com\/acerca-de\/"},"modified":"2024-09-24T20:38:44","modified_gmt":"2024-09-24T20:38:44","slug":"acerca-de","status":"publish","type":"page","link":"https:\/\/wule-symphony-orchestra.com\/es\/acerca-de\/","title":{"rendered":"Acerca de"},"content":{"rendered":"\t\t<div data-elementor-type=\"wp-page\" data-elementor-id=\"5885\" class=\"elementor elementor-5885 elementor-2378\">\n\t\t\t\t\t\t<section class=\"elementor-section elementor-top-section elementor-element elementor-element-c42a286 elementor-section-boxed elementor-section-height-default elementor-section-height-default\" data-id=\"c42a286\" data-element_type=\"section\">\n\t\t\t\t\t\t<div class=\"elementor-container elementor-column-gap-extended\">\n\t\t\t\t\t<div class=\"elementor-column elementor-col-100 elementor-top-column elementor-element elementor-element-2698174 sc_layouts_column_icons_position_left\" data-id=\"2698174\" data-element_type=\"column\">\n\t\t\t<div class=\"elementor-widget-wrap elementor-element-populated\">\n\t\t\t\t\t\t<div class=\"elementor-element elementor-element-9b6a5ef elementor-widget elementor-widget-text-editor\" data-id=\"9b6a5ef\" data-element_type=\"widget\" data-widget_type=\"text-editor.default\">\n\t\t\t\t<div class=\"elementor-widget-container\">\n\t\t\t\t\t\t\t<p>La m\u00fasica budista es una forma de expresi\u00f3n art\u00edstica profunda y espiritual que trata de transmitir las ense\u00f1anzas del budismo a trav\u00e9s del sonido.\nSirve tanto de pr\u00e1ctica meditativa como de medio para difundir el Dharma (ense\u00f1anzas budistas) a un p\u00fablico m\u00e1s amplio.\nUn elemento central de esta tradici\u00f3n es <strong>la m\u00fasica Chan<\/strong>, un g\u00e9nero \u00fanico que encarna los principios del budismo Chan, fusionando la m\u00fasica con la pr\u00e1ctica meditativa profunda.  <\/p>\n<h3><strong>M\u00fasica Chan: Una pr\u00e1ctica espiritual y art\u00edstica<\/strong><\/h3>\n<p>La m\u00fasica Chan es algo m\u00e1s que una mera interpretaci\u00f3n musical: es una expresi\u00f3n del estado meditativo del practicante Chan.\nLa m\u00fasica es un reflejo personal de los pensamientos, las emociones y el viaje espiritual del practicante.\nA diferencia de las actuaciones tradicionales, en las que un actor representa a un personaje, la m\u00fasica Chan requiere que el int\u00e9rprete exprese la historia de su propia vida, haciendo que las ense\u00f1anzas del budismo sean comprensibles y accesibles para el p\u00fablico.  <\/p>\n<p>El prop\u00f3sito de la m\u00fasica Chan es presentar el budismo de forma relajada y agradable, permitiendo al p\u00fablico experimentar los beneficios del Dharma de un modo que resulte a la vez atractivo y profundo.\nEl contenido de la actuaci\u00f3n suele explorar temas como la belleza de la naturaleza humana, la naturaleza transitoria de la vida y la importancia de la virtud y el amor.\nEn la m\u00fasica Chan, el lenguaje corporal, la voz y la m\u00fasica instrumental se utilizan para transmitir la pureza y la belleza de una vida desapegada de los deseos mundanos, que es el sello distintivo de los monjes de m\u00fasica Chan de Tiantai.  <\/p>\n<p>La sinfon\u00eda es parte integrante de la m\u00fasica Chan, tal como la interpreta la <strong>Orquesta Jinghui Guangxuan<\/strong>.\nLa sinfon\u00eda, considerada tradicionalmente la cumbre del logro musical, simboliza el viaje del practicante Chan hacia la iluminaci\u00f3n espiritual.\nEl proceso de creaci\u00f3n de una sinfon\u00eda requiere unidad y cooperaci\u00f3n, reflejando la pr\u00e1ctica budista del \u00abno yo\u00bb, en la que el ego se deja a un lado por el bien colectivo.\nEsta colaboraci\u00f3n orquestal ejemplifica el ideal Chan de armon\u00eda comunitaria y b\u00fasqueda de un objetivo espiritual compartido.   <\/p>\n<p>El canto es una forma tradicional de m\u00fasica budista que est\u00e1 estrictamente ligada al contenido y las pr\u00e1cticas budistas.\nLa m\u00fasica Chan, sin embargo, ofrece m\u00e1s flexibilidad.\nLa interpretan los practicantes chan de forma meditativa y puede incluir temas que no son estrictamente budistas.\nMientras que el canto es un arte budista t\u00edpico, la m\u00fasica Chan est\u00e1 profundamente entrelazada con la pr\u00e1ctica y la meditaci\u00f3n Chan, lo que la convierte en una forma de m\u00fasica \u00fanica y espiritualmente rica.   <\/p>\n<h3><strong>Academia de M\u00fasica Budista del Templo Tiantai<\/strong><\/h3>\n<p>&nbsp;La Academia de M\u00fasica Budista del Templo Tiantai, que cuenta con el apoyo de varios artistas chinos de primera fila, se cre\u00f3 para fomentar la integraci\u00f3n de la pr\u00e1ctica budista y la educaci\u00f3n musical.\nArtistas de renombre como <strong>Liang Danan<\/strong> y <strong>Ye Xiaogang<\/strong> han desempe\u00f1ado un papel decisivo en el desarrollo de la academia, guiando y ense\u00f1ando regularmente a los monjes de m\u00fasica Chan.\nLa academia es una instituci\u00f3n vital para cultivar monjes de alta calidad que no s\u00f3lo dominen las ense\u00f1anzas budistas, sino tambi\u00e9n las artes y la cultura.  <\/p>\n<p>Bajo la direcci\u00f3n de estimadas figuras como Liang Danan y Zhu Yaoxi, la academia ofrece una formaci\u00f3n integral que incluye tanto educaci\u00f3n musical como espiritual.\nEl departamento de asuntos educativos se centra en ense\u00f1ar a los j\u00f3venes estudiantes, garantizando que la pr\u00f3xima generaci\u00f3n de monjes est\u00e9 bien versada en budismo, arte y cultura.\nEste enfoque hol\u00edstico de la educaci\u00f3n es esencial para la revitalizaci\u00f3n del budismo, ya que garantiza que los monjes no s\u00f3lo se iluminen espiritualmente, sino que tambi\u00e9n se enriquezcan culturalmente.  <\/p>\n<p>La fundaci\u00f3n de la academia estuvo profundamente inspirada por <b>el Maestro Shi Wule<\/b>, que dedic\u00f3 14 a\u00f1os a la reclusi\u00f3n y al trabajo duro en las monta\u00f1as, cultivando una nueva generaci\u00f3n de monjes Chan.\nSu visi\u00f3n ha atra\u00eddo a practicantes Chan de todo el pa\u00eds al Templo Tiantai, donde ahora se entrenan en un entorno que integra a la perfecci\u00f3n la vida mon\u00e1stica con la educaci\u00f3n superior.\nLa creaci\u00f3n de la academia marca un paso importante en la conservaci\u00f3n y promoci\u00f3n de las antiguas tradiciones de la m\u00fasica Chan, adapt\u00e1ndolas al mismo tiempo a los contextos contempor\u00e1neos.  <\/p>\n<p>La Orquesta Jinghui Guangxuan y la Academia de M\u00fasica Budista del Templo Tiantai representan juntas una fusi\u00f3n \u00fanica de pr\u00e1ctica budista y arte musical.\nA trav\u00e9s de sus actuaciones y esfuerzos educativos, no s\u00f3lo muestran la belleza y profundidad de las ense\u00f1anzas budistas, sino que tambi\u00e9n invitan al p\u00fablico a comprometerse con estas ense\u00f1anzas de un modo significativo y meditativo.\nLa m\u00fasica budista, especialmente la m\u00fasica Chan, sigue siendo una pr\u00e1ctica espiritual y un medio de promover la paz y el entendimiento entre culturas.  <\/p>\t\t\t\t\t\t<\/div>\n\t\t\t\t<\/div>\n\t\t\t\t\t<\/div>\n\t\t<\/div>\n\t\t\t\t\t<\/div>\n\t\t<\/section>\n\t\t\t\t<\/div>\n\t\t","protected":false},"excerpt":{"rendered":"<p>La m\u00fasica budista es una forma de expresi\u00f3n art\u00edstica profunda y espiritual que trata de transmitir las ense\u00f1anzas del budismo a trav\u00e9s del sonido. Sirve tanto de pr\u00e1ctica meditativa como de medio para difundir el&hellip;<\/p>\n","protected":false},"author":1,"featured_media":0,"parent":0,"menu_order":0,"comment_status":"closed","ping_status":"closed","template":"","meta":{"_acf_changed":false,"_monsterinsights_skip_tracking":false,"_monsterinsights_sitenote_active":false,"_monsterinsights_sitenote_note":"","_monsterinsights_sitenote_category":0,"_uf_show_specific_survey":0,"_uf_disable_surveys":false,"_price":"","_stock":"","_tribe_ticket_header":"","_tribe_default_ticket_provider":"","_tribe_ticket_capacity":"0","_ticket_start_date":"","_ticket_end_date":"","_tribe_ticket_show_description":"","_tribe_ticket_show_not_going":false,"_tribe_ticket_use_global_stock":"","_tribe_ticket_global_stock_level":"","_global_stock_mode":"","_global_stock_cap":"","_tribe_rsvp_for_event":"","_tribe_ticket_going_count":"","_tribe_ticket_not_going_count":"","_tribe_tickets_list":"[]","_tribe_ticket_has_attendee_info_fields":false,"footnotes":""},"class_list":["post-5885","page","type-page","status-publish","hentry"],"acf":[],"aioseo_notices":[],"_links":{"self":[{"href":"https:\/\/wule-symphony-orchestra.com\/es\/wp-json\/wp\/v2\/pages\/5885","targetHints":{"allow":["GET"]}}],"collection":[{"href":"https:\/\/wule-symphony-orchestra.com\/es\/wp-json\/wp\/v2\/pages"}],"about":[{"href":"https:\/\/wule-symphony-orchestra.com\/es\/wp-json\/wp\/v2\/types\/page"}],"author":[{"embeddable":true,"href":"https:\/\/wule-symphony-orchestra.com\/es\/wp-json\/wp\/v2\/users\/1"}],"replies":[{"embeddable":true,"href":"https:\/\/wule-symphony-orchestra.com\/es\/wp-json\/wp\/v2\/comments?post=5885"}],"version-history":[{"count":2,"href":"https:\/\/wule-symphony-orchestra.com\/es\/wp-json\/wp\/v2\/pages\/5885\/revisions"}],"predecessor-version":[{"id":6856,"href":"https:\/\/wule-symphony-orchestra.com\/es\/wp-json\/wp\/v2\/pages\/5885\/revisions\/6856"}],"wp:attachment":[{"href":"https:\/\/wule-symphony-orchestra.com\/es\/wp-json\/wp\/v2\/media?parent=5885"}],"curies":[{"name":"wp","href":"https:\/\/api.w.org\/{rel}","templated":true}]}}