{"id":6569,"date":"2024-09-19T18:58:08","date_gmt":"2024-09-19T18:58:08","guid":{"rendered":"https:\/\/wule-symphony-orchestra.com\/introduccion-a-la-musica-zen\/"},"modified":"2024-09-20T06:58:45","modified_gmt":"2024-09-20T06:58:45","slug":"introduccion-a-la-musica-zen","status":"publish","type":"page","link":"https:\/\/wule-symphony-orchestra.com\/es\/introduccion-a-la-musica-zen\/","title":{"rendered":"Introducci\u00f3n a la M\u00fasica Chan"},"content":{"rendered":"\t\t<div data-elementor-type=\"wp-page\" data-elementor-id=\"6569\" class=\"elementor elementor-6569 elementor-6501\">\n\t\t\t\t\t\t<section class=\"elementor-section elementor-top-section elementor-element elementor-element-b081b39 elementor-section-boxed elementor-section-height-default elementor-section-height-default\" data-id=\"b081b39\" data-element_type=\"section\">\n\t\t\t\t\t\t<div class=\"elementor-container elementor-column-gap-extended\">\n\t\t\t\t\t<div class=\"elementor-column elementor-col-100 elementor-top-column elementor-element elementor-element-d247f9e sc_layouts_column_icons_position_left\" data-id=\"d247f9e\" data-element_type=\"column\">\n\t\t\t<div class=\"elementor-widget-wrap elementor-element-populated\">\n\t\t\t\t\t\t<div class=\"elementor-element elementor-element-40fabac elementor-widget elementor-widget-text-editor\" data-id=\"40fabac\" data-element_type=\"widget\" data-widget_type=\"text-editor.default\">\n\t\t\t\t<div class=\"elementor-widget-container\">\n\t\t\t\t\t\t\t<p>La idea de la m\u00fasica Chan surgi\u00f3 del Maestro Chan Shi Wule.<br \/>\nFue el primero en la historia en defender el uso de la m\u00fasica para la pr\u00e1ctica espiritual y la propagaci\u00f3n del Dharma.<br \/>\nEs una importante herencia y desarrollo del antiguo budismo Chan en la \u00e9poca contempor\u00e1nea.<br \/>\nLos portadores de la m\u00fasica Chan son la Orquesta Sinf\u00f3nica Jinghui Guangxuan, el Coro del Amanecer y el Grupo de Danza Xianggen, que es la primera orquesta sinf\u00f3nica totalmente monje de la historia.   <\/p>\n<p>En 1997, cuando a\u00fan era abad del templo Taiping de Hong&#8217;an, el maestro chan Shi Wule propuso la idea de la m\u00fasica chan y comenz\u00f3 a practicarla, intentando utilizar la cultura como puente entre la religi\u00f3n y la sociedad.<br \/>\nTras varias exploraciones, la Orquesta Chan tuvo sus primeros miembros estables hasta 2008, a\u00f1o en que se fund\u00f3.<br \/>\n2009, el monje centenario Guangxuan dio el nombre de Guangxuan a la Orquesta, y en 2014 se cre\u00f3 la Academia de M\u00fasica Budista Tiantai.<br \/>\nEn 2019, la Orquesta Chan sigui\u00f3 al Maestro Chan Shi Wule a trav\u00e9s del oc\u00e9ano hasta la naci\u00f3n insular de Madagascar, en \u00c1frica.<br \/>\nDesde su creaci\u00f3n, la Orquesta Chan ha realizado giras por Estados Unidos, Mauricio, Sri Lanka, India, Nepal, Madagascar, Hong Kong, China, el Gran Sal\u00f3n del Pueblo, el Auditorio del Comit\u00e9 Nacional de la Conferencia Consultiva Pol\u00edtica del Pueblo Chino, Pek\u00edn, Tianjin, Shenzhen y otras provincias y ciudades de China, y ser\u00e1 invitada por la UNESCO para actuar en Par\u00eds (Francia) y emprender una gira europea en septiembre de 2024.    <\/p>\n<p>Todos los miembros de la Orquesta Chan empezaron a aprender m\u00fasica y arte desde cero, y muchos de ellos empezaron a aprender despu\u00e9s de hacerse adultos.<br \/>\nTambi\u00e9n superaron las dificultades de personal insuficiente, fondos insuficientes, falta de profesores, instrumentos insuficientes, etc.<br \/>\n\u00bfC\u00f3mo pueden llegar a las plataformas m\u00e1s altas del mundo, c\u00f3mo pueden crear actuaciones de gira tan notables y c\u00f3mo pueden crear milagros en la educaci\u00f3n musical?  <\/p>\n<p>La raz\u00f3n central del \u00e9xito de la Orquesta Chan reside en el Chan, una gran sabidur\u00eda \u00fanica de la cultura oriental.<br \/>El fundador, el maestro Chan Shi Wule, es un budista ortodoxo, un maestro Chan iluminado y un heredero del manto contempor\u00e1neo de Buda.<br \/>\nEl n\u00facleo de la m\u00fasica Chan que fund\u00f3 es el Chan y la meditaci\u00f3n.<br \/>\nA los j\u00f3venes monjes se les exige que tomen preceptos estrictos sobre los tel\u00e9fonos m\u00f3viles y el dinero, que sean honestos, que amen y cuiden a las personas, que se sumerjan en la m\u00fasica y que memoricen m\u00fasica, y todos estos requisitos tienen como finalidad extinguir los pensamientos y devolver la mente a su simplicidad e inocencia, para abrir la espiritualidad y desarrollar la sabidur\u00eda.  <\/p>\n<p>Los j\u00f3venes monjes m\u00fasicos de la Orquesta Chan son practicantes pr\u00e1cticos de la cultura tradicional oriental y, a trav\u00e9s de sus giras, pretenden promover la cultura tradicional oriental de la paz como un valor para el mundo, y servir a la paz mundial.<br \/>\nSus actuaciones son profundamente integradoras de la cultura oriental e incluyen cantos cristianos e historias isl\u00e1micas.<br \/>La m\u00fasica Chan nace para la paz y para el amor sagrado religioso. <\/p>\n\t\t\t\t\t\t<\/div>\n\t\t\t\t<\/div>\n\t\t\t\t\t<\/div>\n\t\t<\/div>\n\t\t\t\t\t<\/div>\n\t\t<\/section>\n\t\t\t\t<\/div>\n\t\t","protected":false},"excerpt":{"rendered":"<p>La idea de la m\u00fasica Chan surgi\u00f3 del Maestro Chan Shi Wule. Fue el primero en la historia en defender el uso de la m\u00fasica para la pr\u00e1ctica espiritual y la propagaci\u00f3n del Dharma. Es&hellip;<\/p>\n","protected":false},"author":1,"featured_media":0,"parent":0,"menu_order":0,"comment_status":"closed","ping_status":"closed","template":"","meta":{"_acf_changed":false,"_monsterinsights_skip_tracking":false,"_monsterinsights_sitenote_active":false,"_monsterinsights_sitenote_note":"","_monsterinsights_sitenote_category":0,"_uf_show_specific_survey":0,"_uf_disable_surveys":false,"_price":"","_stock":"","_tribe_ticket_header":"","_tribe_default_ticket_provider":"","_tribe_ticket_capacity":"0","_ticket_start_date":"","_ticket_end_date":"","_tribe_ticket_show_description":"","_tribe_ticket_show_not_going":false,"_tribe_ticket_use_global_stock":"","_tribe_ticket_global_stock_level":"","_global_stock_mode":"","_global_stock_cap":"","_tribe_rsvp_for_event":"","_tribe_ticket_going_count":"","_tribe_ticket_not_going_count":"","_tribe_tickets_list":"[]","_tribe_ticket_has_attendee_info_fields":false,"footnotes":""},"class_list":["post-6569","page","type-page","status-publish","hentry"],"acf":[],"aioseo_notices":[],"_links":{"self":[{"href":"https:\/\/wule-symphony-orchestra.com\/es\/wp-json\/wp\/v2\/pages\/6569","targetHints":{"allow":["GET"]}}],"collection":[{"href":"https:\/\/wule-symphony-orchestra.com\/es\/wp-json\/wp\/v2\/pages"}],"about":[{"href":"https:\/\/wule-symphony-orchestra.com\/es\/wp-json\/wp\/v2\/types\/page"}],"author":[{"embeddable":true,"href":"https:\/\/wule-symphony-orchestra.com\/es\/wp-json\/wp\/v2\/users\/1"}],"replies":[{"embeddable":true,"href":"https:\/\/wule-symphony-orchestra.com\/es\/wp-json\/wp\/v2\/comments?post=6569"}],"version-history":[{"count":4,"href":"https:\/\/wule-symphony-orchestra.com\/es\/wp-json\/wp\/v2\/pages\/6569\/revisions"}],"predecessor-version":[{"id":6637,"href":"https:\/\/wule-symphony-orchestra.com\/es\/wp-json\/wp\/v2\/pages\/6569\/revisions\/6637"}],"wp:attachment":[{"href":"https:\/\/wule-symphony-orchestra.com\/es\/wp-json\/wp\/v2\/media?parent=6569"}],"curies":[{"name":"wp","href":"https:\/\/api.w.org\/{rel}","templated":true}]}}