{"id":6592,"date":"2024-09-19T19:40:30","date_gmt":"2024-09-19T19:40:30","guid":{"rendered":"https:\/\/wule-symphony-orchestra.com\/recuerdos-del-monasterio\/"},"modified":"2024-09-24T21:00:35","modified_gmt":"2024-09-24T21:00:35","slug":"recuerdos-del-monasterio","status":"publish","type":"page","link":"https:\/\/wule-symphony-orchestra.com\/es\/recuerdos-del-monasterio\/","title":{"rendered":"Recuerdos del Monasterio"},"content":{"rendered":"\t\t<div data-elementor-type=\"wp-page\" data-elementor-id=\"6592\" class=\"elementor elementor-6592 elementor-6554\">\n\t\t\t\t\t\t<section class=\"elementor-section elementor-top-section elementor-element elementor-element-3047e66 elementor-section-boxed elementor-section-height-default elementor-section-height-default\" data-id=\"3047e66\" data-element_type=\"section\">\n\t\t\t\t\t\t<div class=\"elementor-container elementor-column-gap-extended\">\n\t\t\t\t\t<div class=\"elementor-column elementor-col-100 elementor-top-column elementor-element elementor-element-cca0b6f sc_layouts_column_icons_position_left\" data-id=\"cca0b6f\" data-element_type=\"column\">\n\t\t\t<div class=\"elementor-widget-wrap elementor-element-populated\">\n\t\t\t\t\t\t<div class=\"elementor-element elementor-element-05c3df9 elementor-widget elementor-widget-text-editor\" data-id=\"05c3df9\" data-element_type=\"widget\" data-widget_type=\"text-editor.default\">\n\t\t\t\t<div class=\"elementor-widget-container\">\n\t\t\t\t\t\t\t<p>Hace m\u00e1s de 1.400 a\u00f1os, el Maestro Zhi Zhi se hizo monje en la Monta\u00f1a Tiantai y, tras alcanzar la iluminaci\u00f3n, fund\u00f3 la Secta Tiantai, una de las ocho sectas principales del budismo chino.<br \/>\nM\u00e1s tarde, regres\u00f3 al lugar de donde hab\u00eda salido para propagar sus ense\u00f1anzas y dio a la monta\u00f1a el nombre de Monta\u00f1a Tiantai. <\/p>\n<ul>\n<li>En 1997 d.C., el monje Wule, entonces abad del templo Taiping de Hong&#8217;an, propuso el m\u00e9todo de cultivo de \u00abconvertirse en Buda por la virtud\u00bb y la idea de \u00abtres Chan: m\u00fasica Chan, t\u00e9 Chan y bosques Chan\u00bb y comenz\u00f3 a practicar la m\u00fasica Chan, fundando el budismo Chan.<br \/>\nPracticando la m\u00fasica Chan y creando el prototipo de una banda Chan. <\/li>\n<li>En la primavera de 2003, el monje Wule, entonces abad del templo Taiping de Hong&#8217;an, fue invitado por el gobierno popular del condado de Hong&#8217;an a venir a la monta\u00f1a Tiantai para iniciar la construcci\u00f3n del templo Tiantai.<\/li>\n<li>En 2006, se cre\u00f3 la clase de arte del Colegio Budista de Wuchang.<\/li>\n<li>En septiembre de 2007, se complet\u00f3 la Sala Mahamudra.<br \/>\nBajo el abrazo de las diez grandes virtudes, por el vicepresidente de la Asociaci\u00f3n Budista China, el gran monje budista contempor\u00e1neo Jinghui personalmente para la gran sala, para el Wule Venerable Maestro para predicar el Dharma para enviar el asiento, Wule Venerable Maestro honrado de ser el abad fundador del Monasterio de Tiantai, para la revitalizaci\u00f3n de la Tiantai Monasterio antepasado. <br \/>El monje Jinghui regal\u00f3 dos poemas y versos al maestro Chan Wule Changyue, que se adjuntan a continuaci\u00f3n:<br \/>(I) Woo Lok Chang Yue El maestro Chan no pregunta por el Chan, es feliz con su vida y se divierte.<br \/>Siempre pone en pr\u00e1ctica los Seis Grados de Paramita, y complace a la gente para que cultive su cuerpo y transforme su destino.<br \/>(II)<br \/>\nEn la cima de los diez mil picos, una brisa clara es diferente de la corriente turbia.<br \/>Conociendo el significado de la c\u00edtara sin cuerda, puedo montar en la barca de la misericordia en el vasto mar de la gente. <\/li>\n<li>En marzo de 2008, la Orquesta Chan de Tiantai se convirti\u00f3 en una compa\u00f1\u00eda art\u00edstica, que abri\u00f3 formalmente una clase para cultivar talentos art\u00edsticos budistas y practicar el concepto de m\u00fasica Chan.<\/li>\n<li>En junio de 2009, el Templo de Tiantai se visti\u00f3 de gala para dar la bienvenida al monje Guangxuan Shangren, de 101 a\u00f1os.<\/li>\n<li>En septiembre de 2009, en la Conferencia Internacional sobre el Dharma del Buda de la Medicina celebrada en el Templo Puzao Chan de Fujian, el Se\u00f1or Guangxuan entreg\u00f3 cinco tesoros, incluidos el Polvo de Ruyi y el Polvo de Fuding, al Abad Wuluo, y nombr\u00f3 personalmente \u00abGuangxuan\u00bb a la Clase de Arte Musical Chan de Tiantai.<\/li>\n<li>En 2010, se cre\u00f3 formalmente la \u00abCompa\u00f1\u00eda Art\u00edstica Guangxuan del Templo Tiantai\u00bb.<br \/>\nEl Sr. Guangxuan dise\u00f1\u00f3 personalmente el logotipo de la compa\u00f1\u00eda. <\/li>\n<li>En 2013, el Abad Wule super\u00f3 muchos obst\u00e1culos y renunci\u00f3 al cargo de Abad del Monasterio de Tiantai y a todos los cargos sociales, y estableci\u00f3 la Asamblea Plenaria Permanente del Monasterio de Tiantai como autoridad suprema, entregando todos los poderes a la Sangha, y s\u00f3lo responsable de practicar y difundir el Dharma, sin ning\u00fan poder administrativo, volviendo as\u00ed a la gran idea de Buda de la igualdad de todos los seres sintientes, y transmitiendo las Seis Armon\u00edas de Veneraci\u00f3n.<br \/>\nEn el mismo a\u00f1o, en el tel\u00e9fono m\u00f3vil entregado a los disc\u00edpulos para ayudar a cuidar, tomar la iniciativa en la celebraci\u00f3n estricta de los preceptos de tel\u00e9fono m\u00f3vil, todos los contactos externos son a trav\u00e9s de las manos de los disc\u00edpulos del tel\u00e9fono m\u00f3vil p\u00fablico; junto con las cuentas personales de larga aplicaci\u00f3n y sobres rojos por los asistentes (m\u00e1s de dos personas) co-gesti\u00f3n; todos los suyos bajo la supervisi\u00f3n y gesti\u00f3n de la Sangha.<br \/>El Monasterio de Tiantai M\u00fasica Budista <\/li>\n<li>La Academia se cre\u00f3 en 2014.<\/li>\n<li>En 2015, se crearon la Orquesta Sinf\u00f3nica Jinghui, compuesta exclusivamente por monjes, el Coro del Amanecer y el Grupo de Danza Xianggen.<br \/>\nY se embarcaron en una gira mundial. <\/li>\n<li>En 2019, con el fin de responder a la iniciativa nacional \u00abUn Cintur\u00f3n, Una Ruta\u00bb, promover la cultura tradicional china en el extranjero para servir a la paz mundial, y hacer realidad la b\u00fasqueda del \u00abcultivo y servicio al pa\u00eds sobre un solo hombro\u00bb, el Abad Wule vino a Madagascar, un pa\u00eds insular de \u00c1frica, en su vejez, con un cuerpo anciano.<br \/>\nLleg\u00f3 a la isla africana de Madagascar en su vejez para construir el Templo Saijo, y muchos monjes j\u00f3venes se ofrecieron voluntarios para seguirle. <\/li>\n<li>En febrero de 2023, el abad Wule dirigi\u00f3 la orquesta a Mauricio para interpretar m\u00fasica Chan, lo que fue un gran \u00e9xito; de junio a julio del mismo a\u00f1o, la orquesta realiz\u00f3 una gira por Estados Unidos, que fue muy aclamada y promovi\u00f3 enormemente el prestigio del pa\u00eds; el 27 de octubre del mismo a\u00f1o, se celebr\u00f3 la inauguraci\u00f3n del Templo Xizu y la ceremonia de ascenso del abad, y el abad Wule fue honrado con el t\u00edtulo de abad del Templo Xizu.<\/li>\n<li>En 2024, el abad Wule dirigi\u00f3 la Orquesta Chan para preparar activamente la actuaci\u00f3n en la sede de la UNESCO en el segundo semestre del a\u00f1o y la gira europea, con el fin de promover la cultura tradicional china y servir a la paz mundial.<\/li>\n<\/ul>\n<p>Experiencia de gira de la Orquesta Chan :<\/p>\n<ul>\n<li>En el primer semestre de 2011, la Orquesta Chan fue invitada a actuar en el Estudio 8 de Zhengzhou.<\/li>\n<li>El 27 de mayo de 2011, nos invitaron al teatro de la 17\u00aa fila de Wuhan para una actuaci\u00f3n especial.<\/li>\n<li>El Festival de Primavera de 2012 fue invitado a la Gala del Festival de Primavera del Condado de Hong&#8217;an para interpretar la danza \u00abBendici\u00f3n de Guanyin\u00bb.<\/li>\n<li>En mayo de 2014, invitada a Wuxi Lingshan, actu\u00f3 bajo el Buda Lingshan.<br \/>Los d\u00edas 23 y 24 de mayo de 2015, invitada a actuar tres veces consecutivas en el Gran Teatro Qintai de Wuhan, lanzando la gira mundial.<\/li>\n<li>El 14 de septiembre de 2015, invitado a actuar en el Auditorio del Comit\u00e9 Nacional de la Conferencia Consultiva Pol\u00edtica del Pueblo Chino en la categor\u00eda de cuerda.<\/li>\n<li>El 11 de noviembre de 2015, invitado a participar en el 7\u00ba Festival de M\u00fasica Tradicional de Pek\u00edn.<\/li>\n<li>El 28 de diciembre de 2015, acudi\u00f3 una vez m\u00e1s al Teatro Nanshan Poly de Shenzhen para participar en la Celebraci\u00f3n del 10\u00ba Aniversario de la fundaci\u00f3n de la SZFCC y en una actuaci\u00f3n especial de Tiantai Chan Music.<\/li>\n<li>El 28 de diciembre de 2015, acudi\u00f3 de nuevo al Shenzhen Nanshan Poly Theater para participar en la Celebraci\u00f3n del 10\u00ba Aniversario de la fundaci\u00f3n del SZFB y en la actuaci\u00f3n especial de Tiantai Chan Music.<\/li>\n<li>El 31 de diciembre de 2015, fue invitado a actuar en la final del \u00abConcierto de Oraci\u00f3n por la Paz Mundial &#8211; Concierto Sinf\u00f3nico Cl\u00e1sico Chino\u00bb celebrado en el Teatro Poly de Shenzhen para dar la bienvenida al A\u00f1o Nuevo.<\/li>\n<li>Los d\u00edas 23 y 24 de enero de 2016, fue invitado a actuar en el Teatro Sunbeam de Hong Kong durante dos actuaciones consecutivas de la etapa hongkonesa de su gira mundial.<\/li>\n<li>El 27 de mayo de 2016, en el V Festival Cultural de M\u00fasica Chan del Templo Tiantai de Hongan, celebrado en el Gran Teatro de Hongan, el grupo fue galardonado con el R\u00e9cord Guinness de la \u00abCompa\u00f1\u00eda de M\u00fasica Chan m\u00e1s grande del mundo formada exclusivamente por monjes\u00bb.<\/li>\n<li>Del 26 al 31 de julio de 2016, el grupo fue invitado a participar en el XIII Festival Coral Internacional de China en el Gran Sal\u00f3n del Pueblo, y ofreci\u00f3 una actuaci\u00f3n especial de m\u00fasica Chan en Pek\u00edn.<\/li>\n<li>Del 19 al 21 de agosto de 2016, invitado a participar en el Tercer Festival Coral Internacional de Jinan.<\/li>\n<li>Del 24 de agosto al 1 de septiembre de 2016, dos actuaciones especiales en Tianjin y una en Hohhot y otra en Baotou.<\/li>\n<li>15 de octubre de 2016, invitado a participar en la ceremonia de apertura de la XI Conferencia Mundial de Intercambio de la Cultura del T\u00e9 Chan, como representante de la parte china para ofrecer una demostraci\u00f3n de actuaci\u00f3n de la cultura del t\u00e9.<\/li>\n<li>En mayo de 2017, se estren\u00f3 la obertura sinf\u00f3nica original \u00abReflexiones de Su Wu\u00bb en el Sexto Festival de Cultura y Arte Chan del Templo Tiantai de Hong&#8217;an.<\/li>\n<li>En agosto de 2017, invitada a participar en el Festival Internacional de Arte Coral de la Temporada Musical de Huanglong de 2017, y ganadora de la Doble Medalla de Oro del Festival de Arte Coral.<\/li>\n<li>El 24 de octubre de 2017, fue a Sri Lanka para participar en el Festival Coral Internacional de Asia y el Pac\u00edfico, y gan\u00f3 dos medallas de oro y una de plata, siendo el equipo con mayor n\u00famero de medallas entre todos los equipos chinos participantes.<br \/>\nTambi\u00e9n actu\u00f3 en Sri Lanka en la categor\u00eda de cuerda y en la de danza. <\/li>\n<li>28 de octubre de 2017, invitado a participar en la \u00abConmemoraci\u00f3n del 110 Aniversario del Nacimiento de Zhao Puchu\u00bb celebrada en el Centro Internacional de Conferencias del Lago Yanqi de Pek\u00edn, actu\u00f3 y gan\u00f3 premios en el evento.<\/li>\n<li>Del 9 al 14 de enero de 2018, fue invitado a Shenzhen para realizar tres actuaciones especiales.<\/li>\n<li>En febrero de 2018, realiz\u00f3 una peregrinaci\u00f3n a los lugares sagrados del budismo en India y Nepal, durante la cual fue invitado a realizar una actuaci\u00f3n especial en Bodhgaya, el lugar sagrado de la iluminaci\u00f3n de Buda.<\/li>\n<li>De abril a septiembre de 2019, en respuesta a la iniciativa nacional \u00abUn Cintur\u00f3n, Una Ruta\u00bb, y con el fin de promover la cultura tradicional china en el mundo y servir a la paz mundial, la Orquesta Chan se traslad\u00f3 a Madagascar.<br \/>\nLa Orquesta Chan fue capaz de desarrollar un fuerte esp\u00edritu de lucha en un entorno incre\u00edblemente dif\u00edcil.<br \/>\nCultivar el cuerpo con la m\u00fasica, y construir el cuerpo con la lealtad y la piedad filial.  <\/li>\n<li>El 1 de mayo de 2022, la Orquesta Chan debut\u00f3 en p\u00fablico en el Centro Internacional de Convenciones y Exposiciones de Madagascar.<\/li>\n<li>El 3 de febrero de 2023, la Orquesta Chan fue invitada a actuar en Mauricio<\/li>\n<li>Del 10 de junio al 18 de julio de 2023, el Conjunto Chan fue invitado a una gira por Los \u00c1ngeles y otras ciudades de Estados Unidos, durante la cual realiz\u00f3 varias actuaciones y particip\u00f3 en el Festival Coral Internacional de Idaho.<\/li>\n<li>De septiembre a noviembre de 2024, la Orquesta Chan ser\u00e1 invitada por la UNESCO a Par\u00eds (Francia) para interpretar la sinfon\u00eda a gran escala \u00abHogar en la Tierra\u00bb, a la que seguir\u00e1 una gira europea.<\/li>\n<\/ul>\n\t\t\t\t\t\t<\/div>\n\t\t\t\t<\/div>\n\t\t\t\t\t<\/div>\n\t\t<\/div>\n\t\t\t\t\t<\/div>\n\t\t<\/section>\n\t\t\t\t<\/div>\n\t\t","protected":false},"excerpt":{"rendered":"<p>Hace m\u00e1s de 1.400 a\u00f1os, el Maestro Zhi Zhi se hizo monje en la Monta\u00f1a Tiantai y, tras alcanzar la iluminaci\u00f3n, fund\u00f3 la Secta Tiantai, una de las ocho sectas principales del budismo chino. M\u00e1s&hellip;<\/p>\n","protected":false},"author":1,"featured_media":0,"parent":0,"menu_order":0,"comment_status":"closed","ping_status":"closed","template":"","meta":{"_acf_changed":false,"_monsterinsights_skip_tracking":false,"_monsterinsights_sitenote_active":false,"_monsterinsights_sitenote_note":"","_monsterinsights_sitenote_category":0,"_uf_show_specific_survey":0,"_uf_disable_surveys":false,"_price":"","_stock":"","_tribe_ticket_header":"","_tribe_default_ticket_provider":"","_tribe_ticket_capacity":"0","_ticket_start_date":"","_ticket_end_date":"","_tribe_ticket_show_description":"","_tribe_ticket_show_not_going":false,"_tribe_ticket_use_global_stock":"","_tribe_ticket_global_stock_level":"","_global_stock_mode":"","_global_stock_cap":"","_tribe_rsvp_for_event":"","_tribe_ticket_going_count":"","_tribe_ticket_not_going_count":"","_tribe_tickets_list":"[]","_tribe_ticket_has_attendee_info_fields":false,"footnotes":""},"class_list":["post-6592","page","type-page","status-publish","hentry"],"acf":[],"aioseo_notices":[],"_links":{"self":[{"href":"https:\/\/wule-symphony-orchestra.com\/es\/wp-json\/wp\/v2\/pages\/6592","targetHints":{"allow":["GET"]}}],"collection":[{"href":"https:\/\/wule-symphony-orchestra.com\/es\/wp-json\/wp\/v2\/pages"}],"about":[{"href":"https:\/\/wule-symphony-orchestra.com\/es\/wp-json\/wp\/v2\/types\/page"}],"author":[{"embeddable":true,"href":"https:\/\/wule-symphony-orchestra.com\/es\/wp-json\/wp\/v2\/users\/1"}],"replies":[{"embeddable":true,"href":"https:\/\/wule-symphony-orchestra.com\/es\/wp-json\/wp\/v2\/comments?post=6592"}],"version-history":[{"count":5,"href":"https:\/\/wule-symphony-orchestra.com\/es\/wp-json\/wp\/v2\/pages\/6592\/revisions"}],"predecessor-version":[{"id":6895,"href":"https:\/\/wule-symphony-orchestra.com\/es\/wp-json\/wp\/v2\/pages\/6592\/revisions\/6895"}],"wp:attachment":[{"href":"https:\/\/wule-symphony-orchestra.com\/es\/wp-json\/wp\/v2\/media?parent=6592"}],"curies":[{"name":"wp","href":"https:\/\/api.w.org\/{rel}","templated":true}]}}