{"id":5865,"date":"2024-08-24T19:43:46","date_gmt":"2024-08-24T19:43:46","guid":{"rendered":"https:\/\/wule-symphony-orchestra.com\/a-propos-de\/"},"modified":"2024-09-24T20:38:47","modified_gmt":"2024-09-24T20:38:47","slug":"a-propos-de","status":"publish","type":"page","link":"https:\/\/wule-symphony-orchestra.com\/fr\/a-propos-de\/","title":{"rendered":"A propos de"},"content":{"rendered":"\t\t<div data-elementor-type=\"wp-page\" data-elementor-id=\"5865\" class=\"elementor elementor-5865 elementor-2378\">\n\t\t\t\t\t\t<section class=\"elementor-section elementor-top-section elementor-element elementor-element-c42a286 elementor-section-boxed elementor-section-height-default elementor-section-height-default\" data-id=\"c42a286\" data-element_type=\"section\">\n\t\t\t\t\t\t<div class=\"elementor-container elementor-column-gap-extended\">\n\t\t\t\t\t<div class=\"elementor-column elementor-col-100 elementor-top-column elementor-element elementor-element-2698174 sc_layouts_column_icons_position_left\" data-id=\"2698174\" data-element_type=\"column\">\n\t\t\t<div class=\"elementor-widget-wrap elementor-element-populated\">\n\t\t\t\t\t\t<div class=\"elementor-element elementor-element-9b6a5ef elementor-widget elementor-widget-text-editor\" data-id=\"9b6a5ef\" data-element_type=\"widget\" data-widget_type=\"text-editor.default\">\n\t\t\t\t<div class=\"elementor-widget-container\">\n\t\t\t\t\t\t\t<p>La musique bouddhiste est une forme d&rsquo;expression artistique profonde et spirituelle qui cherche \u00e0 transmettre les enseignements du bouddhisme par le son.\nElle sert \u00e0 la fois de pratique m\u00e9ditative et de moyen de diffusion du Dharma (enseignements bouddhistes) aupr\u00e8s du grand public.\nAu c\u0153ur de cette tradition se trouve la <strong>musique Chan<\/strong>, un genre unique qui incarne les principes du bouddhisme Chan, fusionnant la musique avec une pratique m\u00e9ditative profonde.  <\/p>\n<h3><strong>Musique Chan : Une pratique spirituelle et artistique<\/strong><\/h3>\n<p>La musique Chan est plus qu&rsquo;une simple performance musicale ; c&rsquo;est une expression de l&rsquo;\u00e9tat m\u00e9ditatif du pratiquant Chan.\nLa musique est un reflet personnel des pens\u00e9es, des \u00e9motions et du cheminement spirituel du pratiquant.\nContrairement aux spectacles traditionnels o\u00f9 un acteur incarne un personnage, la musique Chan exige de l&rsquo;interpr\u00e8te qu&rsquo;il exprime sa propre histoire de vie, rendant ainsi les enseignements du bouddhisme compr\u00e9hensibles et accessibles au public.  <\/p>\n<p>L&rsquo;objectif de la musique Chan est de pr\u00e9senter le bouddhisme sous une forme d\u00e9tendue et agr\u00e9able, permettant au public de faire l&rsquo;exp\u00e9rience des bienfaits du Dharma d&rsquo;une mani\u00e8re \u00e0 la fois engageante et profonde.\nLe contenu de la performance explore souvent des th\u00e8mes tels que la beaut\u00e9 de la nature humaine, la nature \u00e9ph\u00e9m\u00e8re de la vie et l&rsquo;importance de la vertu et de l&rsquo;amour.\nDans la musique Chan, le langage corporel, la voix et la musique instrumentale sont utilis\u00e9s pour transmettre la puret\u00e9 et la beaut\u00e9 d&rsquo;une vie d\u00e9tach\u00e9e des d\u00e9sirs du monde, ce qui est la marque de fabrique des moines de la musique Chan Tiantai.  <\/p>\n<p>La symphonie fait partie int\u00e9grante de la musique Chan telle qu&rsquo;elle est interpr\u00e9t\u00e9e par l&rsquo;<strong>orchestre Jinghui Guangxuan<\/strong>.\nLa symphonie, traditionnellement consid\u00e9r\u00e9e comme le summum de l&rsquo;accomplissement musical, symbolise le voyage du praticien Chan vers l&rsquo;illumination spirituelle.\nLe processus de cr\u00e9ation d&rsquo;une symphonie requiert unit\u00e9 et coop\u00e9ration, refl\u00e9tant la pratique bouddhiste du \u00ab\u00a0non-soi\u00a0\u00bb, o\u00f9 l&rsquo;ego est mis de c\u00f4t\u00e9 pour le bien collectif.\nCette collaboration orchestrale illustre l&rsquo;id\u00e9al Chan de l&rsquo;harmonie communautaire et de la poursuite d&rsquo;un objectif spirituel commun.   <\/p>\n<p>Le chant est une forme traditionnelle de musique bouddhiste qui est strictement li\u00e9e au contenu et aux pratiques bouddhistes.\nLa musique Chan, en revanche, offre plus de souplesse.\nElle est interpr\u00e9t\u00e9e par des pratiquants du Chan de mani\u00e8re m\u00e9ditative et peut inclure des th\u00e8mes qui ne sont pas strictement bouddhistes.\nAlors que le chant est un art bouddhiste typique, la musique Chan est profond\u00e9ment li\u00e9e \u00e0 la pratique du Chan et \u00e0 la m\u00e9ditation, ce qui en fait une forme de musique unique et riche sur le plan spirituel.   <\/p>\n<h3><strong>Acad\u00e9mie de musique bouddhiste du temple Tiantai<\/strong><\/h3>\n<p>&nbsp;L&rsquo;Acad\u00e9mie de musique bouddhiste du temple Tiantai, soutenue par un certain nombre d&rsquo;artistes chinois de premier plan, a \u00e9t\u00e9 cr\u00e9\u00e9e pour favoriser l&rsquo;int\u00e9gration de la pratique bouddhiste et de l&rsquo;\u00e9ducation musicale.\nDes artistes de renom tels que <strong>Liang Danan<\/strong> et <strong>Ye Xiaogang<\/strong> ont jou\u00e9 un r\u00f4le d\u00e9terminant dans le d\u00e9veloppement de l&rsquo;acad\u00e9mie, en guidant et en enseignant r\u00e9guli\u00e8rement les moines musiciens Chan.\nL&rsquo;acad\u00e9mie est une institution vitale pour la formation de moines de grande qualit\u00e9 qui ma\u00eetrisent non seulement les enseignements bouddhistes, mais aussi les arts et la culture.  <\/p>\n<p>Sous la direction de personnalit\u00e9s estim\u00e9es telles que Liang Danan et Zhu Yaoxi, l&rsquo;acad\u00e9mie propose une formation compl\u00e8te qui comprend un enseignement musical et spirituel.\nLe d\u00e9partement des affaires \u00e9ducatives se concentre sur l&rsquo;enseignement aux jeunes \u00e9tudiants, veillant \u00e0 ce que la prochaine g\u00e9n\u00e9ration de moines soit bien au fait du bouddhisme, de l&rsquo;art et de la culture.\nCette approche holistique de l&rsquo;\u00e9ducation est essentielle \u00e0 la revitalisation du bouddhisme, car elle garantit que les moines sont non seulement \u00e9clair\u00e9s sur le plan spirituel, mais aussi enrichis sur le plan culturel.  <\/p>\n<p>La fondation de l&rsquo;acad\u00e9mie a \u00e9t\u00e9 profond\u00e9ment inspir\u00e9e par le <b>ma\u00eetre Shi Wule<\/b>, qui a consacr\u00e9 14 ans \u00e0 la r\u00e9clusion et au travail acharn\u00e9 dans les montagnes, cultivant une nouvelle g\u00e9n\u00e9ration de moines Chan.\nSa vision a attir\u00e9 des pratiquants du Chan de tout le pays au temple de Tiantai, o\u00f9 ils s&rsquo;entra\u00eenent d\u00e9sormais dans un environnement qui int\u00e8gre harmonieusement la vie monastique et l&rsquo;enseignement sup\u00e9rieur.\nLa cr\u00e9ation de l&rsquo;acad\u00e9mie marque une \u00e9tape importante dans la pr\u00e9servation et la promotion des anciennes traditions de la musique Chan, tout en les adaptant aux contextes contemporains.  <\/p>\n<p>L&rsquo;orchestre Jinghui Guangxuan et l&rsquo;Acad\u00e9mie de musique bouddhiste du temple Tiantai repr\u00e9sentent ensemble une fusion unique de la pratique bouddhiste et de l&rsquo;art musical.\nGr\u00e2ce \u00e0 leurs concerts et \u00e0 leurs efforts p\u00e9dagogiques, ils ne se contentent pas de mettre en valeur la beaut\u00e9 et la profondeur des enseignements bouddhistes, mais invitent \u00e9galement le public \u00e0 s&rsquo;engager dans ces enseignements d&rsquo;une mani\u00e8re significative et m\u00e9ditative.\nLa musique bouddhiste, en particulier la musique Chan, continue de servir \u00e0 la fois de pratique spirituelle et de moyen de promouvoir la paix et la compr\u00e9hension entre les cultures.  <\/p>\t\t\t\t\t\t<\/div>\n\t\t\t\t<\/div>\n\t\t\t\t\t<\/div>\n\t\t<\/div>\n\t\t\t\t\t<\/div>\n\t\t<\/section>\n\t\t\t\t<\/div>\n\t\t","protected":false},"excerpt":{"rendered":"<p>La musique bouddhiste est une forme d&rsquo;expression artistique profonde et spirituelle qui cherche \u00e0 transmettre les enseignements du bouddhisme par le son. Elle sert \u00e0 la fois de pratique m\u00e9ditative et de moyen de diffusion&hellip;<\/p>\n","protected":false},"author":1,"featured_media":0,"parent":0,"menu_order":0,"comment_status":"closed","ping_status":"closed","template":"","meta":{"_acf_changed":false,"_monsterinsights_skip_tracking":false,"_monsterinsights_sitenote_active":false,"_monsterinsights_sitenote_note":"","_monsterinsights_sitenote_category":0,"_uf_show_specific_survey":0,"_uf_disable_surveys":false,"_price":"","_stock":"","_tribe_ticket_header":"","_tribe_default_ticket_provider":"","_tribe_ticket_capacity":"0","_ticket_start_date":"","_ticket_end_date":"","_tribe_ticket_show_description":"","_tribe_ticket_show_not_going":false,"_tribe_ticket_use_global_stock":"","_tribe_ticket_global_stock_level":"","_global_stock_mode":"","_global_stock_cap":"","_tribe_rsvp_for_event":"","_tribe_ticket_going_count":"","_tribe_ticket_not_going_count":"","_tribe_tickets_list":"[]","_tribe_ticket_has_attendee_info_fields":false,"footnotes":""},"class_list":["post-5865","page","type-page","status-publish","hentry"],"acf":[],"aioseo_notices":[],"_links":{"self":[{"href":"https:\/\/wule-symphony-orchestra.com\/fr\/wp-json\/wp\/v2\/pages\/5865","targetHints":{"allow":["GET"]}}],"collection":[{"href":"https:\/\/wule-symphony-orchestra.com\/fr\/wp-json\/wp\/v2\/pages"}],"about":[{"href":"https:\/\/wule-symphony-orchestra.com\/fr\/wp-json\/wp\/v2\/types\/page"}],"author":[{"embeddable":true,"href":"https:\/\/wule-symphony-orchestra.com\/fr\/wp-json\/wp\/v2\/users\/1"}],"replies":[{"embeddable":true,"href":"https:\/\/wule-symphony-orchestra.com\/fr\/wp-json\/wp\/v2\/comments?post=5865"}],"version-history":[{"count":3,"href":"https:\/\/wule-symphony-orchestra.com\/fr\/wp-json\/wp\/v2\/pages\/5865\/revisions"}],"predecessor-version":[{"id":6859,"href":"https:\/\/wule-symphony-orchestra.com\/fr\/wp-json\/wp\/v2\/pages\/5865\/revisions\/6859"}],"wp:attachment":[{"href":"https:\/\/wule-symphony-orchestra.com\/fr\/wp-json\/wp\/v2\/media?parent=5865"}],"curies":[{"name":"wp","href":"https:\/\/api.w.org\/{rel}","templated":true}]}}