{"id":6506,"date":"2024-09-19T18:58:08","date_gmt":"2024-09-19T18:58:08","guid":{"rendered":"https:\/\/wule-symphony-orchestra.com\/introduction-a-la-musique-zen\/"},"modified":"2024-09-20T06:58:45","modified_gmt":"2024-09-20T06:58:45","slug":"introduction-a-la-musique-zen","status":"publish","type":"page","link":"https:\/\/wule-symphony-orchestra.com\/fr\/introduction-a-la-musique-zen\/","title":{"rendered":"Introduction \u00e0 la musique chan"},"content":{"rendered":"\t\t<div data-elementor-type=\"wp-page\" data-elementor-id=\"6506\" class=\"elementor elementor-6506 elementor-6501\">\n\t\t\t\t\t\t<section class=\"elementor-section elementor-top-section elementor-element elementor-element-b081b39 elementor-section-boxed elementor-section-height-default elementor-section-height-default\" data-id=\"b081b39\" data-element_type=\"section\">\n\t\t\t\t\t\t<div class=\"elementor-container elementor-column-gap-extended\">\n\t\t\t\t\t<div class=\"elementor-column elementor-col-100 elementor-top-column elementor-element elementor-element-d247f9e sc_layouts_column_icons_position_left\" data-id=\"d247f9e\" data-element_type=\"column\">\n\t\t\t<div class=\"elementor-widget-wrap elementor-element-populated\">\n\t\t\t\t\t\t<div class=\"elementor-element elementor-element-40fabac elementor-widget elementor-widget-text-editor\" data-id=\"40fabac\" data-element_type=\"widget\" data-widget_type=\"text-editor.default\">\n\t\t\t\t<div class=\"elementor-widget-container\">\n\t\t\t\t\t\t\t<p>L&rsquo;id\u00e9e de la musique Chan a \u00e9t\u00e9 lanc\u00e9e par le ma\u00eetre Chan Shi Wule.<br \/>\nIl a \u00e9t\u00e9 le premier \u00e0 pr\u00e9coniser l&rsquo;utilisation de la musique pour la pratique spirituelle et la propagation du Dharma.<br \/>\nIl s&rsquo;agit d&rsquo;un h\u00e9ritage et d&rsquo;un d\u00e9veloppement majeurs de l&rsquo;ancien bouddhisme Chan \u00e0 l&rsquo;\u00e9poque contemporaine.<br \/>\nLes porteurs de la musique Chan sont l&rsquo;orchestre symphonique Jinghui Guangxuan, le ch\u0153ur de l&rsquo;aube et la troupe de danse Xianggen, qui est le premier orchestre symphonique enti\u00e8rement compos\u00e9 de moines de l&rsquo;histoire.   <\/p>\n<p>En 1997, alors qu&rsquo;il \u00e9tait encore abb\u00e9 du temple Taiping \u00e0 Hong&rsquo;an, le ma\u00eetre Chan Shi Wule a avanc\u00e9 l&rsquo;id\u00e9e de la musique Chan et a commenc\u00e9 \u00e0 la pratiquer, en essayant d&rsquo;utiliser la culture comme un pont entre la religion et la soci\u00e9t\u00e9.<br \/>\nApr\u00e8s diverses explorations, l&rsquo;orchestre Chan a connu ses premiers membres stables jusqu&rsquo;en 2008, date de sa cr\u00e9ation.<br \/>\nEn 2009, le nom Guangxuan a \u00e9t\u00e9 donn\u00e9 \u00e0 l&rsquo;orchestre par le moine centenaire Guangxuan, et en 2014, l&rsquo;Acad\u00e9mie de musique bouddhiste de Tiantai a \u00e9t\u00e9 cr\u00e9\u00e9e.<br \/>\n2019, l&rsquo;orchestre Chan a suivi le ma\u00eetre Chan Shi Wule de l&rsquo;autre c\u00f4t\u00e9 de l&rsquo;oc\u00e9an jusqu&rsquo;\u00e0 la nation insulaire de Madagascar, en Afrique.<br \/>\nDepuis sa cr\u00e9ation, l&rsquo;Orchestre Chan a effectu\u00e9 des tourn\u00e9es aux \u00c9tats-Unis, \u00e0 l&rsquo;\u00eele Maurice, au Sri Lanka, en Inde, au N\u00e9pal, \u00e0 Madagascar, \u00e0 Hong Kong, en Chine, au Grand Hall du Peuple, \u00e0 l&rsquo;Auditorium du Comit\u00e9 national de la Conf\u00e9rence consultative politique du peuple chinois, \u00e0 P\u00e9kin, \u00e0 Tianjin, \u00e0 Shenzhen et dans d&rsquo;autres provinces et villes de Chine, et sera invit\u00e9 par l&rsquo;UNESCO \u00e0 se produire \u00e0 Paris, en France, et \u00e0 embarquer pour une tourn\u00e9e europ\u00e9enne en septembre 2024.    <\/p>\n<p>Tous les membres de l&rsquo;Orchestre Chan ont commenc\u00e9 \u00e0 apprendre la musique et l&rsquo;art d\u00e8s le d\u00e9part, et beaucoup d&rsquo;entre eux ont continu\u00e9 \u00e0 apprendre apr\u00e8s avoir atteint l&rsquo;\u00e2ge adulte.<br \/>\nIls ont \u00e9galement surmont\u00e9 les difficult\u00e9s li\u00e9es au manque de personnel, de fonds, de professeurs, d&rsquo;instruments, etc.<br \/>\nComment peuvent-ils atteindre les plus hautes tribunes du monde, comment peuvent-ils r\u00e9aliser des tourn\u00e9es aussi remarquables et comment peuvent-ils cr\u00e9er des miracles dans le domaine de l&rsquo;\u00e9ducation musicale ?  <\/p>\n<p>La raison principale du succ\u00e8s du Chan Orchestra r\u00e9side dans le Chan, une grande sagesse unique dans la culture orientale.<br \/>Le fondateur, Chan Master Shi Wule, est un bouddhiste orthodoxe, un ma\u00eetre Chan \u00e9clair\u00e9 et un h\u00e9ritier du manteau contemporain du Bouddha.<br \/>\nLa musique Chan qu&rsquo;il a fond\u00e9e repose essentiellement sur le Chan et la m\u00e9ditation.<br \/>\nLes jeunes moines sont tenus de respecter des pr\u00e9ceptes stricts concernant les t\u00e9l\u00e9phones portables et l&rsquo;argent, d&rsquo;\u00eatre honn\u00eates, d&rsquo;aimer et de prendre soin des gens, de s&rsquo;immerger dans la musique et de m\u00e9moriser de la musique. Toutes ces exigences ont pour but d&rsquo;\u00e9teindre les pens\u00e9es et de ramener l&rsquo;esprit \u00e0 sa simplicit\u00e9 et \u00e0 son innocence, afin d&rsquo;ouvrir la spiritualit\u00e9 et de d\u00e9velopper la sagesse.  <\/p>\n<p>Les jeunes moines musiciens de l&rsquo;Orchestre Chan sont des praticiens de la culture orientale traditionnelle et, \u00e0 travers leurs tourn\u00e9es, ils cherchent \u00e0 promouvoir la culture orientale traditionnelle de la paix en tant que valeur pour le monde et \u00e0 servir la paix dans le monde.<br \/>\nLeurs repr\u00e9sentations int\u00e8grent profond\u00e9ment la culture orientale et incluent des chants chr\u00e9tiens et des histoires islamiques.<br \/>La musique Chan est n\u00e9e pour la paix et pour l&rsquo;amour religieux sacr\u00e9. <\/p>\n\t\t\t\t\t\t<\/div>\n\t\t\t\t<\/div>\n\t\t\t\t\t<\/div>\n\t\t<\/div>\n\t\t\t\t\t<\/div>\n\t\t<\/section>\n\t\t\t\t<\/div>\n\t\t","protected":false},"excerpt":{"rendered":"<p>L&rsquo;id\u00e9e de la musique Chan a \u00e9t\u00e9 lanc\u00e9e par le ma\u00eetre Chan Shi Wule. Il a \u00e9t\u00e9 le premier \u00e0 pr\u00e9coniser l&rsquo;utilisation de la musique pour la pratique spirituelle et la propagation du Dharma. Il&hellip;<\/p>\n","protected":false},"author":1,"featured_media":0,"parent":0,"menu_order":0,"comment_status":"closed","ping_status":"closed","template":"","meta":{"_acf_changed":false,"_monsterinsights_skip_tracking":false,"_monsterinsights_sitenote_active":false,"_monsterinsights_sitenote_note":"","_monsterinsights_sitenote_category":0,"_uf_show_specific_survey":0,"_uf_disable_surveys":false,"_price":"","_stock":"","_tribe_ticket_header":"","_tribe_default_ticket_provider":"","_tribe_ticket_capacity":"0","_ticket_start_date":"","_ticket_end_date":"","_tribe_ticket_show_description":"","_tribe_ticket_show_not_going":false,"_tribe_ticket_use_global_stock":"","_tribe_ticket_global_stock_level":"","_global_stock_mode":"","_global_stock_cap":"","_tribe_rsvp_for_event":"","_tribe_ticket_going_count":"","_tribe_ticket_not_going_count":"","_tribe_tickets_list":"[]","_tribe_ticket_has_attendee_info_fields":false,"footnotes":""},"class_list":["post-6506","page","type-page","status-publish","hentry"],"acf":[],"aioseo_notices":[],"_links":{"self":[{"href":"https:\/\/wule-symphony-orchestra.com\/fr\/wp-json\/wp\/v2\/pages\/6506","targetHints":{"allow":["GET"]}}],"collection":[{"href":"https:\/\/wule-symphony-orchestra.com\/fr\/wp-json\/wp\/v2\/pages"}],"about":[{"href":"https:\/\/wule-symphony-orchestra.com\/fr\/wp-json\/wp\/v2\/types\/page"}],"author":[{"embeddable":true,"href":"https:\/\/wule-symphony-orchestra.com\/fr\/wp-json\/wp\/v2\/users\/1"}],"replies":[{"embeddable":true,"href":"https:\/\/wule-symphony-orchestra.com\/fr\/wp-json\/wp\/v2\/comments?post=6506"}],"version-history":[{"count":4,"href":"https:\/\/wule-symphony-orchestra.com\/fr\/wp-json\/wp\/v2\/pages\/6506\/revisions"}],"predecessor-version":[{"id":6635,"href":"https:\/\/wule-symphony-orchestra.com\/fr\/wp-json\/wp\/v2\/pages\/6506\/revisions\/6635"}],"wp:attachment":[{"href":"https:\/\/wule-symphony-orchestra.com\/fr\/wp-json\/wp\/v2\/media?parent=6506"}],"curies":[{"name":"wp","href":"https:\/\/api.w.org\/{rel}","templated":true}]}}