{"id":6598,"date":"2024-09-19T19:40:30","date_gmt":"2024-09-19T19:40:30","guid":{"rendered":"https:\/\/wule-symphony-orchestra.com\/souvenirs-du-monastere\/"},"modified":"2024-09-24T21:01:39","modified_gmt":"2024-09-24T21:01:39","slug":"souvenirs-du-monastere","status":"publish","type":"page","link":"https:\/\/wule-symphony-orchestra.com\/fr\/souvenirs-du-monastere\/","title":{"rendered":"Souvenirs du monast\u00e8re"},"content":{"rendered":"\t\t<div data-elementor-type=\"wp-page\" data-elementor-id=\"6598\" class=\"elementor elementor-6598 elementor-6554\">\n\t\t\t\t\t\t<section class=\"elementor-section elementor-top-section elementor-element elementor-element-3047e66 elementor-section-boxed elementor-section-height-default elementor-section-height-default\" data-id=\"3047e66\" data-element_type=\"section\">\n\t\t\t\t\t\t<div class=\"elementor-container elementor-column-gap-extended\">\n\t\t\t\t\t<div class=\"elementor-column elementor-col-100 elementor-top-column elementor-element elementor-element-cca0b6f sc_layouts_column_icons_position_left\" data-id=\"cca0b6f\" data-element_type=\"column\">\n\t\t\t<div class=\"elementor-widget-wrap elementor-element-populated\">\n\t\t\t\t\t\t<div class=\"elementor-element elementor-element-05c3df9 elementor-widget elementor-widget-text-editor\" data-id=\"05c3df9\" data-element_type=\"widget\" data-widget_type=\"text-editor.default\">\n\t\t\t\t<div class=\"elementor-widget-container\">\n\t\t\t\t\t\t\t<p>Il y a plus de 1 400 ans, le ma\u00eetre Zhi Zhi est devenu moine sur la montagne Tiantai et, apr\u00e8s avoir atteint l&rsquo;illumination, il a fond\u00e9 la secte Tiantai, l&rsquo;une des huit principales sectes du bouddhisme chinois.<br \/>\nPlus tard, il est retourn\u00e9 \u00e0 l&rsquo;endroit d&rsquo;o\u00f9 il \u00e9tait sorti pour propager ses enseignements et a nomm\u00e9 la montagne Tiantai. <\/p>\n<ul>\n<li>En 1997, le moine Wule, alors abb\u00e9 du temple Taiping \u00e0 Hong&rsquo;an, a propos\u00e9 la m\u00e9thode de culture \u00ab\u00a0devenir un bouddha par la vertu\u00a0\u00bb et l&rsquo;id\u00e9e des \u00ab\u00a0trois Chan &#8211; musique Chan, th\u00e9 Chan et for\u00eats Chan\u00a0\u00bb et a commenc\u00e9 \u00e0 pratiquer la musique Chan, fondant ainsi le bouddhisme Chan.<br \/>\nIl a commenc\u00e9 \u00e0 pratiquer la musique Chan et \u00e0 cr\u00e9er le prototype d&rsquo;un groupe Chan. <\/li>\n<li>Au printemps 2003, le moine Wule, alors abb\u00e9 du temple Taiping \u00e0 Hong&rsquo;an, a \u00e9t\u00e9 invit\u00e9 par le gouvernement populaire du comt\u00e9 de Hong&rsquo;an \u00e0 se rendre \u00e0 la montagne Tiantai pour commencer la construction du temple Tiantai.<\/li>\n<li>En 2006, la classe d&rsquo;art du coll\u00e8ge bouddhiste de Wuchang a \u00e9t\u00e9 cr\u00e9\u00e9e.<\/li>\n<li>En septembre 2007, la salle Mahamudra a \u00e9t\u00e9 achev\u00e9e.<br \/>\nSous l&rsquo;\u00e9gide des dix grandes vertus, le vice-pr\u00e9sident de l&rsquo;association bouddhiste chinoise, le grand moine bouddhiste contemporain Jinghui, a personnellement inaugur\u00e9 la grande salle. Le v\u00e9n\u00e9rable ma\u00eetre Wule a pr\u00each\u00e9 le dharma et envoy\u00e9 le si\u00e8ge, et le v\u00e9n\u00e9rable ma\u00eetre Wule a eu l&rsquo;honneur d&rsquo;\u00eatre l&rsquo;abb\u00e9 fondateur du monast\u00e8re de Tiantai, pour la revitalisation de l&rsquo;anc\u00eatre du monast\u00e8re de Tiantai. <br \/>Le moine Jinghui a donn\u00e9 deux po\u00e8mes et vers au ma\u00eetre Chan Wule Changyue, qui sont annex\u00e9s ci-dessous :<br \/>(I) Woo Lok Chang Yue Le ma\u00eetre Chan ne pose pas de questions sur le Chan, il est heureux de sa vie et s&rsquo;amuse.<br \/>Il met toujours en pratique les six degr\u00e9s de la Paramita et encourage les gens \u00e0 cultiver leur corps et \u00e0 transformer leur destin.<br \/>(II)<br \/>\nAu sommet des dix mille pics, une brise claire est diff\u00e9rente de l&rsquo;\u00e9coulement turbulent.<br \/>Connaissant la signification de la cithare sans cordes, je peux monter le bateau de la mis\u00e9ricorde dans la vaste mer des gens. <\/li>\n<li>En mars 2008, le Tiantai Chan Orchestra est devenu une troupe artistique, qui a officiellement ouvert une classe pour cultiver les talents artistiques bouddhistes et mettre en pratique le concept de musique Chan.<\/li>\n<li>En juin 2009, le temple de Tiantai s&rsquo;est mis sur son trente-et-un pour accueillir le moine Guangxuan Shangren, \u00e2g\u00e9 de 101 ans.<\/li>\n<li>En septembre 2009, lors de la Conf\u00e9rence internationale sur le Dharma du Bouddha de la m\u00e9decine qui s&rsquo;est tenue au temple Puzao Chan de Fujian, le Seigneur Guangxuan a donn\u00e9 cinq tr\u00e9sors, dont la poussi\u00e8re de Ruyi et de Fuding, \u00e0 l&rsquo;abb\u00e9 Wuluo, et a personnellement nomm\u00e9 la classe d&rsquo;art musical de Tiantai Chan \u00ab\u00a0Guangxuan\u00a0\u00bb.<\/li>\n<li>En 2010, la \u00ab\u00a0Tiantai Temple Guangxuan Art Troupe\u00a0\u00bb a \u00e9t\u00e9 officiellement cr\u00e9\u00e9e.<br \/>\nM. Guangxuan a personnellement con\u00e7u le logo de la troupe. <\/li>\n<li>En 2013, l&rsquo;abb\u00e9 Wule a surmont\u00e9 de nombreux obstacles et a d\u00e9missionn\u00e9 du poste d&rsquo;abb\u00e9 du monast\u00e8re de Tiantai et de toutes les positions sociales, et a \u00e9tabli l&rsquo;Assembl\u00e9e pl\u00e9ni\u00e8re permanente du monast\u00e8re de Tiantai en tant qu&rsquo;autorit\u00e9 supr\u00eame, transmettant tous les pouvoirs au Sangha, et seulement responsable de la pratique et de la diffusion du Dharma, sans aucun pouvoir administratif, revenant ainsi \u00e0 la grande id\u00e9e du Bouddha de l&rsquo;\u00e9galit\u00e9 de tous les \u00eatres sensibles, et transmettant les Six Harmonies de V\u00e9n\u00e9ration.<br \/>\nLa m\u00eame ann\u00e9e, le t\u00e9l\u00e9phone portable a \u00e9t\u00e9 remis aux disciples pour qu&rsquo;ils aident \u00e0 en prendre soin et pour qu&rsquo;ils prennent l&rsquo;initiative de respecter strictement les pr\u00e9ceptes relatifs au t\u00e9l\u00e9phone portable ; tous les contacts ext\u00e9rieurs se font par l&rsquo;interm\u00e9diaire des disciples du t\u00e9l\u00e9phone portable public ; \u00e0 cela s&rsquo;ajoute la cogestion des comptes personnels et des enveloppes rouges par les accompagnateurs (plus de deux personnes), mise en \u0153uvre depuis longtemps ; tous les membres sont sous la supervision et la gestion de la Sangha.<br \/>Musique bouddhiste du monast\u00e8re de Tiantai <\/li>\n<li>L&rsquo;Acad\u00e9mie a \u00e9t\u00e9 cr\u00e9\u00e9e en 2014.<\/li>\n<li>En 2015, l&rsquo;orchestre symphonique Jinghui, le ch\u0153ur de l&rsquo;aube et la troupe de danse Xianggen ont \u00e9t\u00e9 cr\u00e9\u00e9s.<br \/>\nIls ont entam\u00e9 une tourn\u00e9e mondiale. <\/li>\n<li>En 2019, afin de r\u00e9pondre \u00e0 l&rsquo;initiative nationale \u00a0\u00bb Une ceinture, une route \u00ab\u00a0, de promouvoir la culture traditionnelle chinoise \u00e0 l&rsquo;\u00e9tranger pour servir la paix dans le monde, et de r\u00e9aliser la poursuite de \u00a0\u00bb la culture et le service du pays sur une seule \u00e9paule \u00ab\u00a0, l&rsquo;abb\u00e9 Wule est venu \u00e0 Madagascar, un pays insulaire d&rsquo;Afrique, dans son \u00e2ge avanc\u00e9, avec un corps \u00e2g\u00e9.<br \/>\nIl est venu sur l&rsquo;\u00eele africaine de Madagascar \u00e0 un \u00e2ge avanc\u00e9 pour construire le temple de Saijo, et de nombreux jeunes moines se sont port\u00e9s volontaires pour le suivre. <\/li>\n<li>En f\u00e9vrier 2023, l&rsquo;abb\u00e9 Wule a conduit l&rsquo;orchestre \u00e0 l&rsquo;\u00eele Maurice pour interpr\u00e9ter de la musique Chan, ce qui a remport\u00e9 un grand succ\u00e8s ; de juin \u00e0 juillet de la m\u00eame ann\u00e9e, l&rsquo;orchestre a effectu\u00e9 une tourn\u00e9e aux \u00c9tats-Unis, qui a \u00e9t\u00e9 largement acclam\u00e9e et a grandement contribu\u00e9 au prestige du pays ; le 27 octobre de la m\u00eame ann\u00e9e, l&rsquo;ouverture du temple Xizu et la c\u00e9r\u00e9monie d&rsquo;avancement de l&rsquo;abb\u00e9 ont eu lieu, et l&rsquo;abb\u00e9 Wule a \u00e9t\u00e9 honor\u00e9 du titre d&rsquo;abb\u00e9 du temple Xizu.<\/li>\n<li>En 2024, l&rsquo;abb\u00e9 Wule a dirig\u00e9 l&rsquo;orchestre Chan pour pr\u00e9parer activement la repr\u00e9sentation au si\u00e8ge de l&rsquo;UNESCO au second semestre de l&rsquo;ann\u00e9e et la tourn\u00e9e europ\u00e9enne, afin de promouvoir la culture traditionnelle chinoise et de servir la paix dans le monde.<\/li>\n<\/ul>\n<p>Tourn\u00e9e de l&rsquo;orchestre Chan :<\/p>\n<ul>\n<li>Au cours du premier semestre 2011, Chan Orchestra a \u00e9t\u00e9 invit\u00e9 \u00e0 se produire au Studio 8 de Zhengzhou.<\/li>\n<li>Le 27 mai 2011, nous avons \u00e9t\u00e9 invit\u00e9s au 17e rang du th\u00e9\u00e2tre de Wuhan pour une repr\u00e9sentation sp\u00e9ciale.<\/li>\n<li>Le festival de printemps 2012 a \u00e9t\u00e9 invit\u00e9 au gala du festival de printemps du comt\u00e9 de Hong&rsquo;an pour pr\u00e9senter la danse \u00ab\u00a0Blessing Guanyin\u00a0\u00bb.<\/li>\n<li>En mai 2014, invit\u00e9 \u00e0 Wuxi Lingshan, spectacle sous le Bouddha Lingshan.<br \/>Les 23 et 24 mai 2015, invit\u00e9 \u00e0 donner trois spectacles cons\u00e9cutifs \u00e0 Wuhan Qintai Grand Theater, lan\u00e7ant ainsi la tourn\u00e9e mondiale.<\/li>\n<li>Le 14 septembre 2015, invit\u00e9 \u00e0 se produire \u00e0 l&rsquo;auditorium du Comit\u00e9 national de la Conf\u00e9rence consultative politique du peuple chinois dans la cat\u00e9gorie des cordes.<\/li>\n<li>Le 11 novembre 2015, invit\u00e9 \u00e0 participer au 7e festival de musique traditionnelle de P\u00e9kin.<\/li>\n<li>Le 28 d\u00e9cembre 2015, il s&rsquo;est rendu une nouvelle fois au th\u00e9\u00e2tre poly de Shenzhen Nanshan pour participer \u00e0 la c\u00e9l\u00e9bration du 10e anniversaire de la fondation de la SZFCC et \u00e0 une repr\u00e9sentation sp\u00e9ciale de Tiantai Chan Music.<\/li>\n<li>Le 28 d\u00e9cembre 2015, il s&rsquo;est rendu \u00e0 nouveau au th\u00e9\u00e2tre poly de Shenzhen Nanshan pour participer \u00e0 la c\u00e9l\u00e9bration du 10e anniversaire de la fondation de la SZFB et \u00e0 la repr\u00e9sentation sp\u00e9ciale de Tiantai Chan Music.<\/li>\n<li>Le 31 d\u00e9cembre 2015, il a \u00e9t\u00e9 invit\u00e9 \u00e0 se produire lors de la finale du \u00ab\u00a0World Peace Prayer Concert &#8211; Chinese Classical Symphony Concert\u00a0\u00bb qui s&rsquo;est tenu au Shenzhen Poly Theatre pour f\u00eater le Nouvel An.<\/li>\n<li>Les 23 et 24 janvier 2016, il a \u00e9t\u00e9 invit\u00e9 \u00e0 se produire au Sunbeam Theatre de Hong Kong pour deux repr\u00e9sentations cons\u00e9cutives de l&rsquo;\u00e9tape hongkongaise de sa tourn\u00e9e mondiale.<\/li>\n<li>Le 27 mai 2016, lors du cinqui\u00e8me festival culturel de musique Chan du temple Hongan Tiantai, qui s&rsquo;est tenu au Hongan Grand Theatre, le groupe s&rsquo;est vu d\u00e9cerner le record du monde Guinness de la \u00ab\u00a0plus grande troupe de musique Chan enti\u00e8rement compos\u00e9e de moines\u00a0\u00bb.<\/li>\n<li>Du 26 au 31 juillet 2016, le groupe a \u00e9t\u00e9 invit\u00e9 \u00e0 participer au 13e Festival choral international de Chine au Grand Hall du Peuple, et a donn\u00e9 une repr\u00e9sentation sp\u00e9ciale de musique Chan \u00e0 P\u00e9kin.<\/li>\n<li>Du 19 au 21 ao\u00fbt 2016, invit\u00e9 \u00e0 participer au troisi\u00e8me festival choral international de Jinan.<\/li>\n<li>Du 24 ao\u00fbt au 1er septembre 2016, deux repr\u00e9sentations sp\u00e9ciales \u00e0 Tianjin et une \u00e0 Hohhot et Baotou.<\/li>\n<li>Le 15 octobre 2016, invit\u00e9 \u00e0 participer \u00e0 la c\u00e9r\u00e9monie d&rsquo;ouverture de la 11e Conf\u00e9rence mondiale d&rsquo;\u00e9change sur la culture du th\u00e9 Chan, en tant que repr\u00e9sentant de la partie chinoise pour offrir une d\u00e9monstration de la culture du th\u00e9.<\/li>\n<li>En mai 2017, la premi\u00e8re de l&rsquo;ouverture symphonique originale \u00ab\u00a0Su Wu&rsquo;s Reflections\u00a0\u00bb a \u00e9t\u00e9 jou\u00e9e lors du sixi\u00e8me festival culturel et artistique du temple Chan de Hong&rsquo;an Tiantai.<\/li>\n<li>En ao\u00fbt 2017, elle a \u00e9t\u00e9 invit\u00e9e \u00e0 participer au festival international d&rsquo;art choral de la saison musicale de Huanglong, et a remport\u00e9 la double m\u00e9daille d&rsquo;or du festival d&rsquo;art choral.<\/li>\n<li>Le 24 octobre 2017, elle s&rsquo;est rendue au Sri Lanka pour participer au Festival choral international de l&rsquo;Asie-Pacifique, remportant deux m\u00e9dailles d&rsquo;or et une d&rsquo;argent, soit l&rsquo;\u00e9quipe ayant obtenu le plus grand nombre de m\u00e9dailles parmi toutes les \u00e9quipes chinoises participantes.<br \/>\nElle s&rsquo;est \u00e9galement produite au Sri Lanka dans la cat\u00e9gorie des cordes et la cat\u00e9gorie de la danse. <\/li>\n<li>Le 28 octobre 2017, invit\u00e9 \u00e0 participer \u00e0 la \u00a0\u00bb Comm\u00e9moration du 110e anniversaire de la naissance de Zhao Puchu \u00a0\u00bb qui s&rsquo;est tenue au Centre de conf\u00e9rence international du lac Yanqi \u00e0 P\u00e9kin, il s&rsquo;est produit et a remport\u00e9 des prix lors de l&rsquo;\u00e9v\u00e9nement.<\/li>\n<li>Du 9 au 14 janvier 2018, il a \u00e9t\u00e9 invit\u00e9 \u00e0 Shenzhen pour trois repr\u00e9sentations sp\u00e9ciales.<\/li>\n<li>En f\u00e9vrier 2018, il s&rsquo;est rendu en p\u00e8lerinage dans les lieux saints du bouddhisme en Inde et au N\u00e9pal, au cours duquel il a \u00e9t\u00e9 invit\u00e9 \u00e0 donner une repr\u00e9sentation sp\u00e9ciale \u00e0 Bodhgaya, le lieu saint de l&rsquo;illumination du Bouddha.<\/li>\n<li>D&rsquo;avril \u00e0 septembre 2019, en r\u00e9ponse \u00e0 l&rsquo;initiative nationale \u00ab\u00a0Une ceinture, une route\u00a0\u00bb, et afin de promouvoir la culture traditionnelle chinoise dans le monde et de servir la paix mondiale, l&rsquo;Orchestre Chan s&rsquo;est d\u00e9plac\u00e9 \u00e0 Madagascar.<br \/>\nL&rsquo;Orchestre Chan a pu d\u00e9velopper un fort esprit combatif dans un environnement incroyablement difficile.<br \/>\nCultivez le corps avec la musique, et construisez le corps avec la loyaut\u00e9 et la pi\u00e9t\u00e9 filiale.  <\/li>\n<li>Le 1er mai 2022, le Chan Orchestra a fait ses d\u00e9buts publics au Centre international de congr\u00e8s et d&rsquo;expositions de Madagascar.<\/li>\n<li>Le 3 f\u00e9vrier 2023, l&rsquo;orchestre Chan a \u00e9t\u00e9 invit\u00e9 \u00e0 se produire \u00e0 l&rsquo;\u00eele Maurice.<\/li>\n<li>Du 10 juin au 18 juillet 2023, l&rsquo;ensemble Chan a \u00e9t\u00e9 invit\u00e9 \u00e0 effectuer une tourn\u00e9e \u00e0 Los Angeles et dans d&rsquo;autres villes des \u00c9tats-Unis, au cours de laquelle il a donn\u00e9 plusieurs repr\u00e9sentations et a particip\u00e9 au Idaho International Choral Festival.<\/li>\n<li>De septembre \u00e0 novembre 2024, l&rsquo;Orchestre Chan sera invit\u00e9 par l&rsquo;UNESCO \u00e0 Paris, en France, pour interpr\u00e9ter la symphonie \u00e0 grande \u00e9chelle \u00ab\u00a0Home on Earth\u00a0\u00bb, suivie d&rsquo;une tourn\u00e9e europ\u00e9enne.<\/li>\n<\/ul>\n\t\t\t\t\t\t<\/div>\n\t\t\t\t<\/div>\n\t\t\t\t\t<\/div>\n\t\t<\/div>\n\t\t\t\t\t<\/div>\n\t\t<\/section>\n\t\t\t\t<\/div>\n\t\t","protected":false},"excerpt":{"rendered":"<p>Il y a plus de 1 400 ans, le ma\u00eetre Zhi Zhi est devenu moine sur la montagne Tiantai et, apr\u00e8s avoir atteint l&rsquo;illumination, il a fond\u00e9 la secte Tiantai, l&rsquo;une des huit principales sectes&hellip;<\/p>\n","protected":false},"author":1,"featured_media":0,"parent":0,"menu_order":0,"comment_status":"closed","ping_status":"closed","template":"","meta":{"_acf_changed":false,"_monsterinsights_skip_tracking":false,"_monsterinsights_sitenote_active":false,"_monsterinsights_sitenote_note":"","_monsterinsights_sitenote_category":0,"_uf_show_specific_survey":0,"_uf_disable_surveys":false,"_price":"","_stock":"","_tribe_ticket_header":"","_tribe_default_ticket_provider":"","_tribe_ticket_capacity":"0","_ticket_start_date":"","_ticket_end_date":"","_tribe_ticket_show_description":"","_tribe_ticket_show_not_going":false,"_tribe_ticket_use_global_stock":"","_tribe_ticket_global_stock_level":"","_global_stock_mode":"","_global_stock_cap":"","_tribe_rsvp_for_event":"","_tribe_ticket_going_count":"","_tribe_ticket_not_going_count":"","_tribe_tickets_list":"[]","_tribe_ticket_has_attendee_info_fields":false,"footnotes":""},"class_list":["post-6598","page","type-page","status-publish","hentry"],"acf":[],"aioseo_notices":[],"_links":{"self":[{"href":"https:\/\/wule-symphony-orchestra.com\/fr\/wp-json\/wp\/v2\/pages\/6598","targetHints":{"allow":["GET"]}}],"collection":[{"href":"https:\/\/wule-symphony-orchestra.com\/fr\/wp-json\/wp\/v2\/pages"}],"about":[{"href":"https:\/\/wule-symphony-orchestra.com\/fr\/wp-json\/wp\/v2\/types\/page"}],"author":[{"embeddable":true,"href":"https:\/\/wule-symphony-orchestra.com\/fr\/wp-json\/wp\/v2\/users\/1"}],"replies":[{"embeddable":true,"href":"https:\/\/wule-symphony-orchestra.com\/fr\/wp-json\/wp\/v2\/comments?post=6598"}],"version-history":[{"count":5,"href":"https:\/\/wule-symphony-orchestra.com\/fr\/wp-json\/wp\/v2\/pages\/6598\/revisions"}],"predecessor-version":[{"id":6904,"href":"https:\/\/wule-symphony-orchestra.com\/fr\/wp-json\/wp\/v2\/pages\/6598\/revisions\/6904"}],"wp:attachment":[{"href":"https:\/\/wule-symphony-orchestra.com\/fr\/wp-json\/wp\/v2\/media?parent=6598"}],"curies":[{"name":"wp","href":"https:\/\/api.w.org\/{rel}","templated":true}]}}