{"id":5866,"date":"2024-08-24T19:43:46","date_gmt":"2024-08-24T19:43:46","guid":{"rendered":"https:\/\/wule-symphony-orchestra.com\/informazioni-su\/"},"modified":"2024-09-24T20:38:44","modified_gmt":"2024-09-24T20:38:44","slug":"informazioni-su","status":"publish","type":"page","link":"https:\/\/wule-symphony-orchestra.com\/it\/informazioni-su\/","title":{"rendered":"Informazioni su"},"content":{"rendered":"\t\t<div data-elementor-type=\"wp-page\" data-elementor-id=\"5866\" class=\"elementor elementor-5866 elementor-2378\">\n\t\t\t\t\t\t<section class=\"elementor-section elementor-top-section elementor-element elementor-element-c42a286 elementor-section-boxed elementor-section-height-default elementor-section-height-default\" data-id=\"c42a286\" data-element_type=\"section\">\n\t\t\t\t\t\t<div class=\"elementor-container elementor-column-gap-extended\">\n\t\t\t\t\t<div class=\"elementor-column elementor-col-100 elementor-top-column elementor-element elementor-element-2698174 sc_layouts_column_icons_position_left\" data-id=\"2698174\" data-element_type=\"column\">\n\t\t\t<div class=\"elementor-widget-wrap elementor-element-populated\">\n\t\t\t\t\t\t<div class=\"elementor-element elementor-element-9b6a5ef elementor-widget elementor-widget-text-editor\" data-id=\"9b6a5ef\" data-element_type=\"widget\" data-widget_type=\"text-editor.default\">\n\t\t\t\t<div class=\"elementor-widget-container\">\n\t\t\t\t\t\t\t<p>La musica buddista \u00e8 una forma di espressione artistica profonda e spirituale che cerca di trasmettere gli insegnamenti del buddismo attraverso il suono.\nServe sia come pratica meditativa che come mezzo per diffondere il Dharma (insegnamenti buddisti) al grande pubblico.\nAl centro di questa tradizione c&#8217;\u00e8 la <strong>musica Chan<\/strong>, un genere unico che incarna i principi del buddismo Chan, fondendo la musica con una profonda pratica meditativa.  <\/p>\n<h3><strong>Musica Chan: Una pratica spirituale e artistica<\/strong><\/h3>\n<p>La musica Chan \u00e8 molto pi\u00f9 di una semplice performance musicale: \u00e8 un&#8217;espressione dello stato meditativo del praticante Chan.\nLa musica \u00e8 un riflesso personale dei pensieri, delle emozioni e del cammino spirituale del praticante.\nA differenza delle esibizioni tradizionali in cui un attore ritrae un personaggio, la musica Chan richiede che l&#8217;esecutore esprima la propria storia di vita, rendendo gli insegnamenti del Buddismo relazionabili e accessibili al pubblico.  <\/p>\n<p>Lo scopo della musica Chan \u00e8 quello di presentare il Buddismo in una forma rilassata e piacevole, consentendo al pubblico di sperimentare i benefici del Dharma in modo coinvolgente e profondo.\nIl contenuto delle performance spesso esplora temi come la bellezza della natura umana, la natura transitoria della vita e l&#8217;importanza della virt\u00f9 e dell&#8217;amore.\nNella musica Chan, il linguaggio del corpo, la voce e la musica strumentale vengono utilizzati per trasmettere la purezza e la bellezza di una vita distaccata dai desideri mondani, che \u00e8 il segno distintivo dei monaci della musica Tiantai Chan.  <\/p>\n<p>La sinfonia \u00e8 parte integrante della musica Chan, cos\u00ec come viene eseguita dall&#8217;<strong>Orchestra Jinghui Guangxuan<\/strong>.\nLa sinfonia, tradizionalmente considerata l&#8217;apice del successo musicale, \u00e8 il simbolo del viaggio del praticante Chan verso l&#8217;illuminazione spirituale.\nIl processo di creazione di una sinfonia richiede unit\u00e0 e cooperazione, rispecchiando la pratica buddista del &#8220;no-self&#8221;, in cui l&#8217;ego viene messo da parte per il bene collettivo.\nQuesta collaborazione orchestrale esemplifica l&#8217;ideale Chan dell&#8217;armonia comunitaria e del perseguimento di un obiettivo spirituale condiviso.   <\/p>\n<p>Il canto \u00e8 una forma tradizionale di musica buddista strettamente legata ai contenuti e alle pratiche buddiste.\nLa musica Chan, invece, offre una maggiore flessibilit\u00e0.\nViene eseguita dai praticanti Chan in modo meditativo e pu\u00f2 includere temi non strettamente buddisti.\nMentre il canto \u00e8 un&#8217;arte tipicamente buddista, la musica Chan \u00e8 profondamente intrecciata con la pratica e la meditazione Chan, il che la rende una forma di musica unica e spiritualmente ricca.   <\/p>\n<h3><strong>L&#8217;Accademia di musica buddista del Tempio di Tiantai<\/strong><\/h3>\n<p>&nbsp;L&#8217;Accademia di Musica Buddista del Tempio Tiantai, sostenuta da numerosi artisti cinesi di spicco, \u00e8 stata fondata per favorire l&#8217;integrazione tra la pratica buddista e l&#8217;educazione musicale.\nArtisti di fama come <strong>Liang Danan<\/strong> e <strong>Ye Xiaogang<\/strong> hanno contribuito allo sviluppo dell&#8217;accademia, guidando e insegnando regolarmente ai monaci di musica Chan.\nL&#8217;accademia \u00e8 un&#8217;istituzione fondamentale per coltivare monaci di alta qualit\u00e0 che non siano solo competenti negli insegnamenti buddisti, ma anche nelle arti e nella cultura.  <\/p>\n<p>Sotto la guida di figure stimate come Liang Danan e Zhu Yaoxi, l&#8217;accademia offre una formazione completa che comprende sia l&#8217;educazione musicale che quella spirituale.\nIl dipartimento degli affari educativi si concentra sull&#8217;insegnamento ai giovani studenti, assicurando che la prossima generazione di monaci sia ben preparata nel buddismo, nell&#8217;arte e nella cultura.\nQuesto approccio olistico all&#8217;istruzione \u00e8 essenziale per la rivitalizzazione del buddismo, in quanto garantisce che i monaci non siano solo illuminati spiritualmente ma anche arricchiti culturalmente.  <\/p>\n<p>La fondazione dell&#8217;accademia \u00e8 stata profondamente ispirata dal <b>Maestro Shi Wule<\/b>, che ha dedicato 14 anni alla clausura e al duro lavoro in montagna, coltivando una nuova generazione di monaci Chan.\nLa sua visione ha attirato praticanti Chan da tutto il paese al Tempio Tiantai, dove ora si allenano in un ambiente che integra perfettamente la vita monastica con l&#8217;istruzione superiore.\nL&#8217;istituzione dell&#8217;accademia segna un passo significativo nel preservare e promuovere le antiche tradizioni della musica Chan adattandole al contesto contemporaneo.  <\/p>\n<p>L&#8217;Orchestra Jinghui Guangxuan e l&#8217;Accademia di Musica Buddista del Tempio Tiantai rappresentano insieme una fusione unica di pratica buddista e arte musicale.\nAttraverso le loro esibizioni e i loro sforzi educativi, non solo mostrano la bellezza e la profondit\u00e0 degli insegnamenti buddisti, ma invitano anche il pubblico a impegnarsi con questi insegnamenti in modo significativo e meditativo.\nLa musica buddista, in particolare la musica Chan, continua ad essere una pratica spirituale e un mezzo per promuovere la pace e la comprensione tra le culture.  <\/p>\t\t\t\t\t\t<\/div>\n\t\t\t\t<\/div>\n\t\t\t\t\t<\/div>\n\t\t<\/div>\n\t\t\t\t\t<\/div>\n\t\t<\/section>\n\t\t\t\t<\/div>\n\t\t","protected":false},"excerpt":{"rendered":"<p>La musica buddista \u00e8 una forma di espressione artistica profonda e spirituale che cerca di trasmettere gli insegnamenti del buddismo attraverso il suono. Serve sia come pratica meditativa che come mezzo per diffondere il Dharma&hellip;<\/p>\n","protected":false},"author":1,"featured_media":0,"parent":0,"menu_order":0,"comment_status":"closed","ping_status":"closed","template":"","meta":{"_acf_changed":false,"_monsterinsights_skip_tracking":false,"_monsterinsights_sitenote_active":false,"_monsterinsights_sitenote_note":"","_monsterinsights_sitenote_category":0,"_uf_show_specific_survey":0,"_uf_disable_surveys":false,"_price":"","_stock":"","_tribe_ticket_header":"","_tribe_default_ticket_provider":"","_tribe_ticket_capacity":"0","_ticket_start_date":"","_ticket_end_date":"","_tribe_ticket_show_description":"","_tribe_ticket_show_not_going":false,"_tribe_ticket_use_global_stock":"","_tribe_ticket_global_stock_level":"","_global_stock_mode":"","_global_stock_cap":"","_tribe_rsvp_for_event":"","_tribe_ticket_going_count":"","_tribe_ticket_not_going_count":"","_tribe_tickets_list":"[]","_tribe_ticket_has_attendee_info_fields":false,"footnotes":""},"class_list":["post-5866","page","type-page","status-publish","hentry"],"acf":[],"aioseo_notices":[],"_links":{"self":[{"href":"https:\/\/wule-symphony-orchestra.com\/it\/wp-json\/wp\/v2\/pages\/5866","targetHints":{"allow":["GET"]}}],"collection":[{"href":"https:\/\/wule-symphony-orchestra.com\/it\/wp-json\/wp\/v2\/pages"}],"about":[{"href":"https:\/\/wule-symphony-orchestra.com\/it\/wp-json\/wp\/v2\/types\/page"}],"author":[{"embeddable":true,"href":"https:\/\/wule-symphony-orchestra.com\/it\/wp-json\/wp\/v2\/users\/1"}],"replies":[{"embeddable":true,"href":"https:\/\/wule-symphony-orchestra.com\/it\/wp-json\/wp\/v2\/comments?post=5866"}],"version-history":[{"count":3,"href":"https:\/\/wule-symphony-orchestra.com\/it\/wp-json\/wp\/v2\/pages\/5866\/revisions"}],"predecessor-version":[{"id":6857,"href":"https:\/\/wule-symphony-orchestra.com\/it\/wp-json\/wp\/v2\/pages\/5866\/revisions\/6857"}],"wp:attachment":[{"href":"https:\/\/wule-symphony-orchestra.com\/it\/wp-json\/wp\/v2\/media?parent=5866"}],"curies":[{"name":"wp","href":"https:\/\/api.w.org\/{rel}","templated":true}]}}