{"id":6580,"date":"2024-09-19T18:58:08","date_gmt":"2024-09-19T18:58:08","guid":{"rendered":"https:\/\/wule-symphony-orchestra.com\/introduzione-alla-musica-zen\/"},"modified":"2024-09-20T06:58:45","modified_gmt":"2024-09-20T06:58:45","slug":"introduzione-alla-musica-zen","status":"publish","type":"page","link":"https:\/\/wule-symphony-orchestra.com\/it\/introduzione-alla-musica-zen\/","title":{"rendered":"Introduzione alla musica Chan"},"content":{"rendered":"\t\t<div data-elementor-type=\"wp-page\" data-elementor-id=\"6580\" class=\"elementor elementor-6580 elementor-6501\">\n\t\t\t\t\t\t<section class=\"elementor-section elementor-top-section elementor-element elementor-element-b081b39 elementor-section-boxed elementor-section-height-default elementor-section-height-default\" data-id=\"b081b39\" data-element_type=\"section\">\n\t\t\t\t\t\t<div class=\"elementor-container elementor-column-gap-extended\">\n\t\t\t\t\t<div class=\"elementor-column elementor-col-100 elementor-top-column elementor-element elementor-element-d247f9e sc_layouts_column_icons_position_left\" data-id=\"d247f9e\" data-element_type=\"column\">\n\t\t\t<div class=\"elementor-widget-wrap elementor-element-populated\">\n\t\t\t\t\t\t<div class=\"elementor-element elementor-element-40fabac elementor-widget elementor-widget-text-editor\" data-id=\"40fabac\" data-element_type=\"widget\" data-widget_type=\"text-editor.default\">\n\t\t\t\t<div class=\"elementor-widget-container\">\n\t\t\t\t\t\t\t<p>L&#8217;idea della musica Chan \u00e8 nata dal Maestro Chan Shi Wule.<br \/>\nEgli fu il primo nella storia a sostenere l&#8217;uso della musica per la pratica spirituale e la propagazione del Dharma.<br \/>\nSi tratta di un&#8217;importante eredit\u00e0 e sviluppo dell&#8217;antico Buddismo Chan in epoca contemporanea.<br \/>\nI portatori della musica Chan sono l&#8217;Orchestra Sinfonica Jinghui Guangxuan, il Coro dell&#8217;Alba e la Troupe di Danza Xianggen, che \u00e8 la prima orchestra sinfonica di soli monaci della storia.   <\/p>\n<p>Nel 1997, mentre era ancora abate del Tempio Taiping di Hong&#8217;an, il Maestro Chan Shi Wule propose l&#8217;idea della musica Chan e inizi\u00f2 a praticarla, cercando di utilizzare la cultura come ponte tra religione e societ\u00e0.<br \/>\nDopo varie esplorazioni, l&#8217;Orchestra Chan ha avuto i suoi primi membri stabili fino al 2008, quando \u00e8 stata fondata.<br \/>\nNel 2009, il nome Guangxuan \u00e8 stato dato all&#8217;Orchestra dal monaco centenario Guangxuan e nel 2014 \u00e8 stata fondata l&#8217;Accademia di Musica Buddista Tiantai.<br \/>\nNel 2019, l&#8217;Orchestra Chan ha seguito il Maestro Chan Shi Wule attraverso l&#8217;oceano fino alla nazione insulare del Madagascar, in Africa.<br \/>\nDalla sua fondazione, l&#8217;Orchestra Chan \u00e8 stata in tourn\u00e9e negli Stati Uniti, alle Mauritius, nello Sri Lanka, in India, in Nepal, in Madagascar, a Hong Kong, in Cina, nella Grande Sala del Popolo, nell&#8217;Auditorium del Comitato Nazionale della Conferenza Consultiva Politica del Popolo Cinese, a Pechino, a Tianjin, a Shenzhen e in altre province e citt\u00e0 della Cina; sar\u00e0 inoltre invitata dall&#8217;UNESCO a esibirsi a Parigi, in Francia, e a intraprendere un tour europeo nel settembre 2024.    <\/p>\n<p>Tutti i membri dell&#8217;Orchestra Chan hanno iniziato a imparare la musica e l&#8217;arte da zero, e molti di loro hanno iniziato a imparare anche dopo essere diventati adulti.<br \/>\nHanno anche superato le difficolt\u00e0 legate a personale insufficiente, fondi insufficienti, assenza di insegnanti, strumenti insufficienti e cos\u00ec via.<br \/>\nCome hanno fatto a raggiungere le piattaforme pi\u00f9 importanti del mondo, come hanno fatto a creare performance cos\u00ec straordinarie in tourn\u00e9e e come hanno fatto a creare miracoli nell&#8217;educazione musicale?  <\/p>\n<p>La ragione principale del successo della Chan Orchestra risiede nel Chan, una grande saggezza unica nella cultura orientale.<br \/>Il fondatore, il Maestro Chan Shi Wule, \u00e8 un buddista ortodosso, un maestro Chan illuminato e un erede del mantello contemporaneo del Buddha.<br \/>\nIl cuore della musica Chan da lui fondata \u00e8 il Chan e la meditazione.<br \/>\nI giovani monaci sono tenuti a rispettare precetti severi sui cellulari e sul denaro, a essere onesti, ad amare e a prendersi cura delle persone, a immergersi nella musica e a memorizzarla; tutti questi requisiti servono a spegnere i pensieri e a riportare la mente alla sua semplicit\u00e0 e innocenza, in modo da aprire la spiritualit\u00e0 e sviluppare la saggezza.  <\/p>\n<p>I giovani monaci dell&#8217;Orchestra Chan sono praticanti della cultura tradizionale orientale e, attraverso i loro tour, cercano di promuovere la cultura tradizionale orientale della pace come valore per il mondo e di servire la pace nel mondo.<br \/>\nI loro spettacoli sono profondamente inclusivi della cultura orientale e includono canti cristiani e storie islamiche.<br \/>La musica Chan nasce per la pace e per il santo amore religioso. <\/p>\n\t\t\t\t\t\t<\/div>\n\t\t\t\t<\/div>\n\t\t\t\t\t<\/div>\n\t\t<\/div>\n\t\t\t\t\t<\/div>\n\t\t<\/section>\n\t\t\t\t<\/div>\n\t\t","protected":false},"excerpt":{"rendered":"<p>L&#8217;idea della musica Chan \u00e8 nata dal Maestro Chan Shi Wule. Egli fu il primo nella storia a sostenere l&#8217;uso della musica per la pratica spirituale e la propagazione del Dharma. Si tratta di un&#8217;importante&hellip;<\/p>\n","protected":false},"author":1,"featured_media":0,"parent":0,"menu_order":0,"comment_status":"closed","ping_status":"closed","template":"","meta":{"_acf_changed":false,"_monsterinsights_skip_tracking":false,"_monsterinsights_sitenote_active":false,"_monsterinsights_sitenote_note":"","_monsterinsights_sitenote_category":0,"_uf_show_specific_survey":0,"_uf_disable_surveys":false,"_price":"","_stock":"","_tribe_ticket_header":"","_tribe_default_ticket_provider":"","_tribe_ticket_capacity":"0","_ticket_start_date":"","_ticket_end_date":"","_tribe_ticket_show_description":"","_tribe_ticket_show_not_going":false,"_tribe_ticket_use_global_stock":"","_tribe_ticket_global_stock_level":"","_global_stock_mode":"","_global_stock_cap":"","_tribe_rsvp_for_event":"","_tribe_ticket_going_count":"","_tribe_ticket_not_going_count":"","_tribe_tickets_list":"[]","_tribe_ticket_has_attendee_info_fields":false,"footnotes":""},"class_list":["post-6580","page","type-page","status-publish","hentry"],"acf":[],"aioseo_notices":[],"_links":{"self":[{"href":"https:\/\/wule-symphony-orchestra.com\/it\/wp-json\/wp\/v2\/pages\/6580","targetHints":{"allow":["GET"]}}],"collection":[{"href":"https:\/\/wule-symphony-orchestra.com\/it\/wp-json\/wp\/v2\/pages"}],"about":[{"href":"https:\/\/wule-symphony-orchestra.com\/it\/wp-json\/wp\/v2\/types\/page"}],"author":[{"embeddable":true,"href":"https:\/\/wule-symphony-orchestra.com\/it\/wp-json\/wp\/v2\/users\/1"}],"replies":[{"embeddable":true,"href":"https:\/\/wule-symphony-orchestra.com\/it\/wp-json\/wp\/v2\/comments?post=6580"}],"version-history":[{"count":4,"href":"https:\/\/wule-symphony-orchestra.com\/it\/wp-json\/wp\/v2\/pages\/6580\/revisions"}],"predecessor-version":[{"id":6636,"href":"https:\/\/wule-symphony-orchestra.com\/it\/wp-json\/wp\/v2\/pages\/6580\/revisions\/6636"}],"wp:attachment":[{"href":"https:\/\/wule-symphony-orchestra.com\/it\/wp-json\/wp\/v2\/media?parent=6580"}],"curies":[{"name":"wp","href":"https:\/\/api.w.org\/{rel}","templated":true}]}}