{"id":6589,"date":"2024-09-19T19:40:30","date_gmt":"2024-09-19T19:40:30","guid":{"rendered":"https:\/\/wule-symphony-orchestra.com\/memorabilia-del-monastero\/"},"modified":"2024-09-24T21:00:35","modified_gmt":"2024-09-24T21:00:35","slug":"memorabilia-del-monastero","status":"publish","type":"page","link":"https:\/\/wule-symphony-orchestra.com\/it\/memorabilia-del-monastero\/","title":{"rendered":"Memorabilia del monastero"},"content":{"rendered":"\t\t<div data-elementor-type=\"wp-page\" data-elementor-id=\"6589\" class=\"elementor elementor-6589 elementor-6554\">\n\t\t\t\t\t\t<section class=\"elementor-section elementor-top-section elementor-element elementor-element-3047e66 elementor-section-boxed elementor-section-height-default elementor-section-height-default\" data-id=\"3047e66\" data-element_type=\"section\">\n\t\t\t\t\t\t<div class=\"elementor-container elementor-column-gap-extended\">\n\t\t\t\t\t<div class=\"elementor-column elementor-col-100 elementor-top-column elementor-element elementor-element-cca0b6f sc_layouts_column_icons_position_left\" data-id=\"cca0b6f\" data-element_type=\"column\">\n\t\t\t<div class=\"elementor-widget-wrap elementor-element-populated\">\n\t\t\t\t\t\t<div class=\"elementor-element elementor-element-05c3df9 elementor-widget elementor-widget-text-editor\" data-id=\"05c3df9\" data-element_type=\"widget\" data-widget_type=\"text-editor.default\">\n\t\t\t\t<div class=\"elementor-widget-container\">\n\t\t\t\t\t\t\t<p>Pi\u00f9 di 1400 anni fa, il Maestro Zhi Zhi divenne un monaco sul Monte Tiantai e, dopo aver raggiunto l&#8217;illuminazione, fond\u00f2 la Setta Tiantai, una delle otto sette principali del Buddismo cinese.<br \/>\nIn seguito, torn\u00f2 nel luogo in cui era nato per diffondere i suoi insegnamenti e chiam\u00f2 la montagna Tiantai. <\/p>\n<ul>\n<li>Nel 1997 d.C., il monaco Wule, allora abate del Tempio di Taiping a Hong&#8217;an, propose il metodo di coltivazione del &#8220;diventare un Buddha per virt\u00f9&#8221; e l&#8217;idea dei &#8220;tre Chan &#8211; musica Chan, t\u00e8 Chan e foreste Chan&#8221; e inizi\u00f2 a praticare la musica Chan, fondando il Buddismo Chan.<br \/>\npraticando la musica Chan e creando il prototipo di un gruppo Chan. <\/li>\n<li>Nella primavera del 2003, il monaco Wule, allora abate del Tempio Taiping di Hong&#8217;an, fu invitato dal governo popolare della contea di Hong&#8217;an a recarsi sul Monte Tiantai per iniziare la costruzione del Tempio Tiantai.<\/li>\n<li>Nel 2006 \u00e8 stata istituita la classe d&#8217;arte del Collegio Buddista di Wuchang.<\/li>\n<li>Nel settembre 2007, la Sala Mahamudra \u00e8 stata completata.<br \/>\nSotto l&#8217;abbraccio delle dieci grandi virt\u00f9, il vicepresidente dell&#8217;Associazione Buddista Cinese, il grande monaco buddista contemporaneo Jinghui, si \u00e8 impegnato personalmente per la grande sala, affinch\u00e9 il Venerabile Maestro Wule predicasse il Dharma per inviare la sede, il Venerabile Maestro Wule ha avuto l&#8217;onore di essere l&#8217;abate fondatore del Monastero di Tiantai, per la rivitalizzazione dell&#8217;antenato del Monastero di Tiantai. <br \/>Il monaco Jinghui regal\u00f2 due poesie e versi al Maestro di Chan Wule Changyue, che vengono allegati qui di seguito:<br \/>(I) Il Maestro di Chan Woo Lok Chang Yue non si chiede del Chan, \u00e8 felice della sua vita e si diverte.<br \/>Mette sempre in pratica i Sei Gradi della Paramita e invita le persone a coltivare il proprio corpo e a trasformare il proprio destino.<br \/>(II)<br \/>\nAlla testa delle diecimila cime, una brezza chiara \u00e8 diversa dal flusso torbido.<br \/>Conoscendo il significato della cetra senza corde, posso cavalcare la barca della misericordia nel vasto mare della gente. <\/li>\n<li>Nel marzo 2008, l&#8217;Orchestra Tiantai Chan \u00e8 stata trasformata in una compagnia artistica, che ha aperto formalmente una classe per coltivare i talenti artistici buddisti e praticare il concetto di musica Chan.<\/li>\n<li>Nel giugno 2009, il Tempio di Tiantai si \u00e8 vestito a festa per accogliere il monaco Guangxuan Shangren, che ha 101 anni.<\/li>\n<li>Nel settembre 2009, in occasione della Conferenza Internazionale sul Dharma del Buddha della Medicina tenutasi presso il Tempio Fujian Puzao Chan, il Signore Guangxuan ha donato cinque tesori, tra cui la polvere Ruyi e Fuding, all&#8217;Abate Wuluo e ha dato personalmente il nome &#8220;Guangxuan&#8221; alla Classe di Arte Musicale Tiantai Chan.<\/li>\n<li>Nel 2010 \u00e8 stata formalmente fondata la &#8220;Tiantai Temple Guangxuan Art Troupe&#8221;.<br \/>\nIl signor Guangxuan ha disegnato personalmente il logo della troupe. <\/li>\n<li>Nel 2013, l&#8217;Abate Wule ha superato molti ostacoli e si \u00e8 dimesso dalla posizione di Abate del Monastero di Tiantai e da tutte le cariche sociali, e ha istituito l&#8217;Assemblea Plenaria Permanente del Monastero di Tiantai come autorit\u00e0 suprema, cedendo tutti i poteri al Sangha e occupandosi solo della pratica e della diffusione del Dharma, senza alcun potere amministrativo, tornando cos\u00ec alla grande idea del Buddha dell&#8217;uguaglianza di tutti gli esseri senzienti e trasmettendo le Sei Armonie della Venerazione.<br \/>\nNello stesso anno, il telefono cellulare \u00e8 stato consegnato ai discepoli per aiutarli a prendersene cura e a rispettare rigorosamente i precetti del telefono cellulare; tutti i contatti con l&#8217;esterno avvengono attraverso le mani dei discepoli del telefono cellulare pubblico; insieme ai conti personali e alle buste rosse da tempo implementati dagli assistenti (pi\u00f9 di due persone) cogestiti; tutti i loro compiti sono sotto la supervisione e la gestione del Sangha.<br \/>La musica buddista del Monastero Tiantai <\/li>\n<li>L&#8217;Accademia \u00e8 stata fondata nel 2014.<\/li>\n<li>Nel 2015 sono stati fondati l&#8217;Orchestra Sinfonica Jinghui, il Coro dell&#8217;Alba e la Troupe di Danza Xianggen.<br \/>\nE si sono imbarcati in un tour globale. <\/li>\n<li>Nel 2019, per rispondere all&#8217;iniziativa nazionale &#8220;Una cintura, una strada&#8221;, per promuovere la cultura tradizionale cinese all&#8217;estero e servire la pace nel mondo, e per realizzare l&#8217;obiettivo di &#8220;coltivare e servire il paese su una sola spalla&#8221;, l&#8217;abate Wule si \u00e8 recato in Madagascar, un&#8217;isola dell&#8217;Africa, in et\u00e0 avanzata e con un corpo vecchio.<br \/>\nVenne sull&#8217;isola africana del Madagascar in et\u00e0 avanzata per costruire il Tempio Saijo e molti giovani monaci si offrirono di seguirlo. <\/li>\n<li>Nel febbraio del 2023, l&#8217;abate Wule guid\u00f2 l&#8217;orchestra alle Mauritius per eseguire la musica Chan, riscuotendo un grande successo; da giugno a luglio dello stesso anno, l&#8217;orchestra si rec\u00f2 in tourn\u00e9e negli Stati Uniti, riscuotendo ampi consensi e promuovendo notevolmente il prestigio del Paese; il 27 ottobre dello stesso anno, si tenne l&#8217;apertura del Tempio di Xizu e la cerimonia di avanzamento dell&#8217;abate, e l&#8217;abate Wule fu insignito del titolo di abate del Tempio di Xizu.<\/li>\n<li>Nel 2024, l&#8217;abate Wule ha guidato l&#8217;Orchestra Chan a prepararsi attivamente per l&#8217;esibizione presso la sede dell&#8217;UNESCO nella seconda met\u00e0 dell&#8217;anno e per il tour europeo, al fine di promuovere la cultura tradizionale cinese e servire la pace nel mondo.<\/li>\n<\/ul>\n<p>Esperienza di tourn\u00e9e dell&#8217;orchestra Chan:<\/p>\n<ul>\n<li>Nella prima met\u00e0 del 2011, l&#8217;Orchestra Chan \u00e8 stata invitata a esibirsi allo Studio 8 di Zhengzhou.<\/li>\n<li>Il 27 maggio 2011 siamo stati invitati al teatro 17th row di Wuhan per uno spettacolo speciale.<\/li>\n<li>Il Festival di Primavera 2012 \u00e8 stato invitato al Gala del Festival di Primavera della contea di Hong&#8217;an per esibirsi nella danza &#8220;Blessing Guanyin&#8221;.<\/li>\n<li>Nel maggio 2014, invitato a Wuxi Lingshan, si \u00e8 esibito sotto il Lingshan Buddha.<br \/>Il 23 e 24 maggio 2015, invitato a esibirsi in tre spettacoli consecutivi al Wuhan Qintai Grand Theater, ha dato il via al tour globale.<\/li>\n<li>Il 14 settembre 2015 \u00e8 stato invitato a esibirsi presso l&#8217;Auditorium del Comitato Nazionale della Conferenza Consultiva Politica del Popolo Cinese nella categoria archi.<\/li>\n<li>L&#8217;11 novembre 2015 \u00e8 stato invitato a partecipare al 7\u00b0 Festival di Musica Tradizionale di Pechino.<\/li>\n<li>Il 28 dicembre 2015 si \u00e8 recato ancora una volta allo Shenzhen Nanshan Poly Theatre per partecipare alla celebrazione del 10\u00b0 anniversario della fondazione della SZFCC e a un&#8217;esibizione speciale di Tiantai Chan Music.<\/li>\n<li>Il 28 dicembre 2015 si \u00e8 recato nuovamente al Teatro Nanshan Poly di Shenzhen per partecipare alla celebrazione del 10\u00b0 anniversario della fondazione della SZFB e all&#8217;esibizione speciale di Tiantai Chan Music.<\/li>\n<li>Il 31 dicembre 2015 \u00e8 stato invitato ad esibirsi nel finale del &#8220;World Peace Prayer Concert &#8211; Chinese Classical Symphony Concert&#8221; tenutosi allo Shenzhen Poly Theatre per inaugurare il nuovo anno.<\/li>\n<li>Il 23 e 24 gennaio 2016 \u00e8 stato invitato a esibirsi al Sunbeam Theatre di Hong Kong per due spettacoli consecutivi della tappa di Hong Kong del suo tour mondiale.<\/li>\n<li>Il 27 maggio 2016, in occasione del quinto Festival Culturale di Musica Chan del Tempio Tiantai di Hongan tenutosi al Grand Theatre di Hongan, il gruppo ha ottenuto il Guinness World Record per la &#8220;pi\u00f9 grande troupe di musica Chan di tutti i monaci del mondo&#8221;.<\/li>\n<li>Dal 26 al 31 luglio 2016, il gruppo \u00e8 stato invitato a partecipare al 13\u00b0 China International Choral Festival presso la Great Hall of the People e ha tenuto una speciale performance di musica Chan a Pechino.<\/li>\n<li>Dal 19 al 21 agosto 2016, \u00e8 stato invitato a partecipare al Terzo Festival Corale Internazionale di Jinan.<\/li>\n<li>Dal 24 agosto al 1 settembre 2016, due spettacoli speciali a Tianjin e uno ciascuno a Hohhot e Baotou.<\/li>\n<li>Il 15 ottobre 2016, \u00e8 stato invitato a partecipare alla cerimonia di apertura dell&#8217;11\u00b0 Conferenza Mondiale per lo Scambio di Cultura del T\u00e8 Chan, in qualit\u00e0 di rappresentante della parte cinese per offrire una dimostrazione della cultura del t\u00e8.<\/li>\n<li>Nel maggio 2017, la prima dell&#8217;ouverture sinfonica originale &#8220;Su Wu&#8217;s Reflections&#8221; \u00e8 stata eseguita in occasione del Sesto Festival della Cultura e dell&#8217;Arte Chan del Tempio Tiantai di Hong&#8217;an.<\/li>\n<li>Nell&#8217;agosto 2017, \u00e8 stata invitata a partecipare al Festival Internazionale di Arte Corale della Stagione Musicale 2017 di Huanglong e ha vinto la Doppia Medaglia d&#8217;Oro del Festival di Arte Corale.<\/li>\n<li>Il 24 ottobre 2017 si \u00e8 recata in Sri Lanka per partecipare all&#8217;Asia-Pacific International Choral Festival, vincendo due ori e un argento, risultando la squadra con il maggior numero di medaglie tra tutte le squadre cinesi partecipanti.<br \/>\nSi \u00e8 inoltre esibita in Sri Lanka nella categoria archi e nella categoria danza. <\/li>\n<li>Il 28 ottobre 2017, invitato a partecipare alla &#8220;Commemorazione del 110\u00b0 anniversario della nascita di Zhao Puchu&#8221; tenutasi presso il Yanqi Lake International Conference Center di Pechino, si \u00e8 esibito e ha vinto dei premi durante l&#8217;evento.<\/li>\n<li>Dal 9 al 14 gennaio 2018 \u00e8 stato invitato a Shenzhen per tenere tre spettacoli speciali.<\/li>\n<li>Nel febbraio 2018 ha partecipato a un pellegrinaggio nei luoghi sacri del buddismo in India e Nepal, durante il quale \u00e8 stato invitato a tenere una performance speciale a Bodhgaya, il luogo sacro dell&#8217;illuminazione di Buddha.<\/li>\n<li>Da aprile a settembre 2019, in risposta all&#8217;iniziativa nazionale &#8220;One Belt, One Road&#8221; e al fine di promuovere la cultura tradizionale cinese nel mondo e servire la pace nel mondo, la Chan Orchestra si \u00e8 trasferita in Madagascar.<br \/>\nL&#8217;Orchestra Chan \u00e8 riuscita a sviluppare un forte spirito di lotta in un ambiente incredibilmente difficile.<br \/>\nColtivare il corpo con la musica e costruire il corpo con la lealt\u00e0 e la piet\u00e0 filiale.  <\/li>\n<li>Il 1\u00b0 maggio 2022, la Chan Orchestra ha fatto il suo debutto pubblico presso il Madagascar International Convention and Exhibition Center.<\/li>\n<li>Il 3 febbraio 2023, la Chan Orchestra \u00e8 stata invitata a esibirsi alle Mauritius<\/li>\n<li>Dal 10 giugno al 18 luglio 2023, il Chan Ensemble \u00e8 stato invitato a fare un tour a Los Angeles e in altre citt\u00e0 degli Stati Uniti, durante il quale ha tenuto diverse esibizioni e ha partecipato all&#8217;Idaho International Choral Festival.<\/li>\n<li>Da settembre a novembre 2024, l&#8217;Orchestra Chan sar\u00e0 invitata dall&#8217;UNESCO a Parigi, in Francia, per eseguire la grande sinfonia &#8220;Home on Earth&#8221;, seguita da un tour europeo.<\/li>\n<\/ul>\n\t\t\t\t\t\t<\/div>\n\t\t\t\t<\/div>\n\t\t\t\t\t<\/div>\n\t\t<\/div>\n\t\t\t\t\t<\/div>\n\t\t<\/section>\n\t\t\t\t<\/div>\n\t\t","protected":false},"excerpt":{"rendered":"<p>Pi\u00f9 di 1400 anni fa, il Maestro Zhi Zhi divenne un monaco sul Monte Tiantai e, dopo aver raggiunto l&#8217;illuminazione, fond\u00f2 la Setta Tiantai, una delle otto sette principali del Buddismo cinese. In seguito, torn\u00f2&hellip;<\/p>\n","protected":false},"author":1,"featured_media":0,"parent":0,"menu_order":0,"comment_status":"closed","ping_status":"closed","template":"","meta":{"_acf_changed":false,"_monsterinsights_skip_tracking":false,"_monsterinsights_sitenote_active":false,"_monsterinsights_sitenote_note":"","_monsterinsights_sitenote_category":0,"_uf_show_specific_survey":0,"_uf_disable_surveys":false,"_price":"","_stock":"","_tribe_ticket_header":"","_tribe_default_ticket_provider":"","_tribe_ticket_capacity":"0","_ticket_start_date":"","_ticket_end_date":"","_tribe_ticket_show_description":"","_tribe_ticket_show_not_going":false,"_tribe_ticket_use_global_stock":"","_tribe_ticket_global_stock_level":"","_global_stock_mode":"","_global_stock_cap":"","_tribe_rsvp_for_event":"","_tribe_ticket_going_count":"","_tribe_ticket_not_going_count":"","_tribe_tickets_list":"[]","_tribe_ticket_has_attendee_info_fields":false,"footnotes":""},"class_list":["post-6589","page","type-page","status-publish","hentry"],"acf":[],"aioseo_notices":[],"_links":{"self":[{"href":"https:\/\/wule-symphony-orchestra.com\/it\/wp-json\/wp\/v2\/pages\/6589","targetHints":{"allow":["GET"]}}],"collection":[{"href":"https:\/\/wule-symphony-orchestra.com\/it\/wp-json\/wp\/v2\/pages"}],"about":[{"href":"https:\/\/wule-symphony-orchestra.com\/it\/wp-json\/wp\/v2\/types\/page"}],"author":[{"embeddable":true,"href":"https:\/\/wule-symphony-orchestra.com\/it\/wp-json\/wp\/v2\/users\/1"}],"replies":[{"embeddable":true,"href":"https:\/\/wule-symphony-orchestra.com\/it\/wp-json\/wp\/v2\/comments?post=6589"}],"version-history":[{"count":5,"href":"https:\/\/wule-symphony-orchestra.com\/it\/wp-json\/wp\/v2\/pages\/6589\/revisions"}],"predecessor-version":[{"id":6896,"href":"https:\/\/wule-symphony-orchestra.com\/it\/wp-json\/wp\/v2\/pages\/6589\/revisions\/6896"}],"wp:attachment":[{"href":"https:\/\/wule-symphony-orchestra.com\/it\/wp-json\/wp\/v2\/media?parent=6589"}],"curies":[{"name":"wp","href":"https:\/\/api.w.org\/{rel}","templated":true}]}}